{"id":133,"date":"2017-07-21T11:12:02","date_gmt":"2017-07-21T11:12:02","guid":{"rendered":"http:\/\/brsmena.com\/turkish\/?page_id=133"},"modified":"2017-09-18T06:38:18","modified_gmt":"2017-09-18T06:38:18","slug":"policy-2","status":"publish","type":"page","link":"https:\/\/brsmena.com\/tr\/policy-2","title":{"rendered":"Politika"},"content":{"rendered":"<p>Nazik, samimi, tarafs\u0131z ve ahlaka uygun &#8221;katma de\u011fer de\u011ferlendirmesi&#8221; itibarl\u0131 bir kay\u0131t sunmak i\u00e7in, m\u00fc\u015fteri kurulu\u015flar\u0131n\u0131n d\u00fcr\u00fcstl\u00fckle uluslararas\u0131 \u00f6l\u00e7\u00fctleri kar\u015f\u0131lamas\u0131na yard\u0131mc\u0131 olurken idari ve i\u015fletme uygulamalar\u0131n\u0131 g\u00fc\u00e7lendiriyoruz. Hedefimiz t\u00fcketicileri korumak amac\u0131yla ticari faaliyetlerini s\u00fcrd\u00fcrmek. Bu, m\u00fc\u015fterilere ama\u00e7la hizmet sunmak i\u00e7in i\u015fe al\u0131nan personelin \u00f6z verili \u00e7al\u0131\u015fmas\u0131yla sa\u011flanacakt\u0131r. Politikalar\u0131m\u0131z ve hedeflerimize ula\u015fabilmek i\u00e7in personel ekibimiz, kalite sistemimizi g\u00fcncellemelerle, desteklemekte, i\u015fletmekte ve te\u015fvik etmektedir bu, olumlu m\u00fc\u015fteri-organizasyon ili\u015fkilerini en \u00fcst d\u00fczeye \u00e7\u0131karmak i\u00e7in mevcut hizmetlerimizi art\u0131rabilir.<\/p>\n<p>BRSM \u00f6zel de\u011ferlendirme m\u00fcfetti\u015fleriyle ekip \u00e7al\u0131\u015fmas\u0131 yaparak, m\u00fc\u015fteri-organizasyon ihtiya\u00e7lar\u0131 ve kayg\u0131lar\u0131 yoluyla t\u00fcketici korumas\u0131n\u0131 sa\u011fl\u0131yoruz.<\/p>\n<p><strong>CEO<\/strong><\/p>\n<p><strong>Ba\u015f \u0130cra Sorumlusu \/Ba\u015fkan- BRSM<\/strong><\/p>\n<p>Version No.: 0 Date: 30-March-2015, revised in May 2015 with no change<\/p>\n","protected":false},"excerpt":{"rendered":"<p>Nazik, samimi, tarafs\u0131z ve ahlaka uygun &#8221;katma de\u011fer de\u011ferlendirmesi&#8221; itibarl\u0131 bir kay\u0131t sunmak i\u00e7in, m\u00fc\u015fteri kurulu\u015flar\u0131n\u0131n d\u00fcr\u00fcstl\u00fckle uluslararas\u0131 \u00f6l\u00e7\u00fctleri kar\u015f\u0131lamas\u0131na yard\u0131mc\u0131 olurken idari ve i\u015fletme uygulamalar\u0131n\u0131 g\u00fc\u00e7lendiriyoruz. Hedefimiz t\u00fcketicileri korumak amac\u0131yla ticari faaliyetlerini s\u00fcrd\u00fcrmek. Bu, m\u00fc\u015fterilere ama\u00e7la hizmet sunmak i\u00e7in i\u015fe al\u0131nan personelin \u00f6z verili \u00e7al\u0131\u015fmas\u0131yla sa\u011flanacakt\u0131r. Politikalar\u0131m\u0131z ve hedeflerimize ula\u015fabilmek i\u00e7in personel ekibimiz, kalite [&hellip;]<\/p>\n","protected":false},"author":1,"featured_media":0,"parent":0,"menu_order":0,"comment_status":"closed","ping_status":"closed","template":"","meta":[],"_links":{"self":[{"href":"https:\/\/brsmena.com\/tr\/wp-json\/wp\/v2\/pages\/133"}],"collection":[{"href":"https:\/\/brsmena.com\/tr\/wp-json\/wp\/v2\/pages"}],"about":[{"href":"https:\/\/brsmena.com\/tr\/wp-json\/wp\/v2\/types\/page"}],"author":[{"embeddable":true,"href":"https:\/\/brsmena.com\/tr\/wp-json\/wp\/v2\/users\/1"}],"replies":[{"embeddable":true,"href":"https:\/\/brsmena.com\/tr\/wp-json\/wp\/v2\/comments?post=133"}],"version-history":[{"count":2,"href":"https:\/\/brsmena.com\/tr\/wp-json\/wp\/v2\/pages\/133\/revisions"}],"predecessor-version":[{"id":9821,"href":"https:\/\/brsmena.com\/tr\/wp-json\/wp\/v2\/pages\/133\/revisions\/9821"}],"wp:attachment":[{"href":"https:\/\/brsmena.com\/tr\/wp-json\/wp\/v2\/media?parent=133"}],"curies":[{"name":"wp","href":"https:\/\/api.w.org\/{rel}","templated":true}]}}