{"id":137,"date":"2017-07-21T11:12:59","date_gmt":"2017-07-21T11:12:59","guid":{"rendered":"http:\/\/brsmena.com\/turkish\/?page_id=137"},"modified":"2017-08-15T11:03:05","modified_gmt":"2017-08-15T11:03:05","slug":"accreditationrecognition","status":"publish","type":"page","link":"https:\/\/brsmena.com\/tr\/accreditationrecognition","title":{"rendered":"Akreditasyon \/ Tan\u0131nma"},"content":{"rendered":"<p>Akreditasyon\/tan\u0131t\u0131m<\/p>\n<p>BRSM, ISO 17021&#8217;e dayal\u0131 kendi y\u00f6netim sistemine sahiptir ve uluslararas\u0131 akreditasyon servisi (IAS) taraf\u0131ndan resmen tan\u0131nm\u0131\u015ft\u0131r; IAS,1975 y\u0131l\u0131ndan beri akreditasyon hizmetleri sunan \u00e7\u0131kar g\u00fctmeyen, kamu yarar\u0131na \u00e7al\u0131\u015fan bir kurulu\u015ftur.ve Amerika Birle\u015fik Devletlerindeki bir\u00e7ok belediyenin in\u015faat kodlar\u0131n\u0131 ve standartlar\u0131n\u0131 geli\u015ftiren profesyonel bir \u00fcyelik birli\u011fi olan uluslararas\u0131 kod konseyinin (ICC) bir yan kurulu\u015fudur.<\/p>\n<p>BRMS, QMS ISO 9001, EMS ISO 14001 ve QMSMDD ISO 13485&#8217;e g\u00f6re akredite edilmi\u015ftir<\/p>\n<p>Akreditasyon sertifika numaras\u0131: MSCB-109<\/p>\n","protected":false},"excerpt":{"rendered":"<p>Akreditasyon\/tan\u0131t\u0131m BRSM, ISO 17021&#8217;e dayal\u0131 kendi y\u00f6netim sistemine sahiptir ve uluslararas\u0131 akreditasyon servisi (IAS) taraf\u0131ndan resmen tan\u0131nm\u0131\u015ft\u0131r; IAS,1975 y\u0131l\u0131ndan beri akreditasyon hizmetleri sunan \u00e7\u0131kar g\u00fctmeyen, kamu yarar\u0131na \u00e7al\u0131\u015fan bir kurulu\u015ftur.ve Amerika Birle\u015fik Devletlerindeki bir\u00e7ok belediyenin in\u015faat kodlar\u0131n\u0131 ve standartlar\u0131n\u0131 geli\u015ftiren profesyonel bir \u00fcyelik birli\u011fi olan uluslararas\u0131 kod konseyinin (ICC) bir yan kurulu\u015fudur. BRMS, QMS ISO [&hellip;]<\/p>\n","protected":false},"author":1,"featured_media":0,"parent":0,"menu_order":0,"comment_status":"closed","ping_status":"closed","template":"","meta":[],"_links":{"self":[{"href":"https:\/\/brsmena.com\/tr\/wp-json\/wp\/v2\/pages\/137"}],"collection":[{"href":"https:\/\/brsmena.com\/tr\/wp-json\/wp\/v2\/pages"}],"about":[{"href":"https:\/\/brsmena.com\/tr\/wp-json\/wp\/v2\/types\/page"}],"author":[{"embeddable":true,"href":"https:\/\/brsmena.com\/tr\/wp-json\/wp\/v2\/users\/1"}],"replies":[{"embeddable":true,"href":"https:\/\/brsmena.com\/tr\/wp-json\/wp\/v2\/comments?post=137"}],"version-history":[{"count":2,"href":"https:\/\/brsmena.com\/tr\/wp-json\/wp\/v2\/pages\/137\/revisions"}],"predecessor-version":[{"id":9798,"href":"https:\/\/brsmena.com\/tr\/wp-json\/wp\/v2\/pages\/137\/revisions\/9798"}],"wp:attachment":[{"href":"https:\/\/brsmena.com\/tr\/wp-json\/wp\/v2\/media?parent=137"}],"curies":[{"name":"wp","href":"https:\/\/api.w.org\/{rel}","templated":true}]}}