{"id":146,"date":"2017-07-21T11:17:34","date_gmt":"2017-07-21T11:17:34","guid":{"rendered":"http:\/\/brsmena.com\/turkish\/?page_id=146"},"modified":"2017-11-20T08:58:16","modified_gmt":"2017-11-20T08:58:16","slug":"appeals","status":"publish","type":"page","link":"https:\/\/brsmena.com\/tr\/appeals","title":{"rendered":"\u0130tirazlar"},"content":{"rendered":"<p>\u0130tirazlar<\/p>\n<p>Kapsam: tart\u0131\u015fmak i\u00e7in m\u00fc\u015fteri \/ m\u00fc\u015fteri organizasyonlar\u0131ndan gelen &#8220;itiraz&#8221; taleplerini kapsar. Telefon g\u00f6r\u00fc\u015fmeleri, mektuplar, fakslar, e-postalar ve itiraz\u0131n site lokasyonu kayna\u011f\u0131na yap\u0131lan ki\u015fisel ziyaretler dahil olmak \u00fczere ancak bunlarla s\u0131n\u0131rl\u0131 olmamak \u00fczere, ileti\u015fimle ilgili olanlar\u0131 y\u00f6nlendirecek olan olas\u0131 m\u00fc\u015fteri \/ kurumlara formlar\u0131 y\u00fcklememek i\u00e7in (- \u015fik\u00e2yet).<\/p>\n<p>Anla\u015fmazl\u0131klar\u0131 itiraz olarak e\u015fit kabul ediyoruz; bir anla\u015fmazl\u0131\u011f\u0131n ayn\u0131 ba\u015flatma protokol\u00fcn\u00fc kulland\u0131\u011f\u0131 ve itiraz\u0131 kabul etti\u011fi anlam\u0131na gelir. Anacak itiraz sonucuna itiraz edilmez.<\/p>\n<p><strong>Ama\u00e7<\/strong>: m\u00fc\u015fteri organizasyonu ve t\u00fcketicilerin \u015fubelere, Uzmanlara kar\u015f\u0131 itirazda bulunma ve \u015fik\u00e2yet veya anla\u015fmazl\u0131\u011f\u0131 \u00e7\u00f6zmek i\u00e7in harekete ge\u00e7me ve ara\u00e7lar\u0131n\u0131 sa\u011flar.<\/p>\n<p>\u0130tiraz i\u015fleminde, BRSM, idari i\u015flemleri kapsayacak \u015fekilde masraflar\u0131n kar\u015f\u0131lanmas\u0131n\u0131 gerektirebilir.<\/p>\n<p>Ayr\u0131ca, uyu\u015fmazl\u0131klar i\u00e7in y\u00f6netim masraf\u0131 da olabilir- BRSM Y\u00f6netim Ekibi karar verir.<\/p>\n<p><strong>G\u00f6rev<\/strong><\/p>\n<p>Temyiz karar\u0131n\u0131 ve da\u011f\u0131t\u0131m\u0131n\u0131 BRSM ve \u015fube y\u00f6netimi i\u00e7erisinde ve BRS&#8217;yi i\u00e7eren (Ve ba\u015fkalar\u0131na, payda\u015flara) iletmek ba\u015f y\u00f6neticinin sorumlulu\u011fudur. Temyizin temel amac\u0131 (\u015fik\u00e2yet i\u00e7in oldu\u011fu gibi), BRSM ile m\u00fc\u015fterisi \/ m\u00fc\u015fterisi kurulu\u015flar\u0131 aras\u0131ndaki kar\u015f\u0131l\u0131kl\u0131 memnuniyetsizli\u011fin etkisine ve t\u00fcketicilerin korunmas\u0131n\u0131 teminen hizmet sa\u011flamak \/ m\u00fc\u015fteri ili\u015fkisinin genel olarak g\u00fc\u00e7lendirilmeye y\u00f6neliktir. \u015eube m\u00fcd\u00fcrleri, itiraz\u0131 ele alan ilk temas dan (BRSM&#8217;yi olumsuz \u015fekilde etkileyebilir ve bu nedenle BRS imaj\u0131na ve iyi niyetine zarar verebilir veya d\u00fczg\u00fcn bir \u015fekilde \u00e7al\u0131\u015fmas\u0131 ve misyonuna, de\u011ferlerine, vizyonuna ve amac\u0131na ula\u015fmas\u0131na engel te\u015fkil edebilir) sorumludur. Tarafs\u0131zl\u0131k komitesi, BRSM taraf\u0131ndan al\u0131nan \u00f6nlemleri denetler.<\/p>\n<p><strong>Genel olarak itiraz nedir?<\/strong> Temyiz, De\u011ferlendirme Ekibi taraf\u0131ndan al\u0131nan veya bir t\u00fcketiciyi etkileyen ya da etkileyebilecek konularda olas\u0131 \/ m\u00fc\u015fteri organizasyonunu tatmin etmek i\u00e7in harekete ge\u00e7mek i\u00e7in BRSM&#8217;ye kar\u015f\u0131 g\u00fcndeme gelen bir konudur. Temyizler, Y\u00f6netim Kurulu \u00fcyeleri, M\u00fc\u015fteri Kurulu\u015flar\u0131 ve t\u00fcketicilerin korunmas\u0131, t\u00fcketicilerin korunmas\u0131 i\u00e7in h\u00fck\u00fcmet temsilcileri gibi bir Temyiz Komitesi (AC) taraf\u0131ndan bak\u0131m alt\u0131na al\u0131n\u0131r; T\u00fcketici \u0130\u015flemleri. Form-AIF-001 ile birlikte bu prosed\u00fcr, talep \/ \u00e7evrimi\u00e7i olarak di\u011fer hakl\u0131 ve ge\u00e7erli taraflarla ayn\u0131 zamanda anla\u015fmazl\u0131klara da uygulanabilirlik \/ m\u00fc\u015fteri organizasyonu i\u00e7in kullan\u0131labilir hale getirilir. Temyiz Formu-AIF-001, konuyu belgelemek amac\u0131yla ve takip i\u015flemi ile temasta olan ileti\u015fim ve eylemlerin belgelenmesini i\u00e7erir; gerekti\u011finde ekleri i\u00e7erir. Form-AIF-001, burada temyiz protokol\u00fc ve formun tamamlanmas\u0131 hakk\u0131nda bilgi ve rehberlik sa\u011flar. Burada temyiz kurulunu da i\u00e7eren temyiz prosed\u00fcr\u00fcn\u00fc tan\u0131ml\u0131yoruz.<\/p>\n<p>\u0130tiraz\u0131 \u00e7\u0131kar\u0131rken kullan\u0131lan herhangi bir ileti\u015fim Form-AIF-001&#8217;e e\u015flik etmelidir.<\/p>\n<p>Bir itiraz, 15 i\u015f g\u00fcn\u00fc i\u00e7inde BRSM&#8217;den takip \u00fczerine hareket etmektir. Kapal\u0131 Form-AIF-001, BRSM&#8217;de 4 y\u0131l s\u00fcreyle saklan\u0131r. \u0130tirazlar, uluslararas\u0131 akreditasyona imza koyan ve sahip oldu\u011fumuz ama\u00e7la ve se\u00e7ilen b\u00f6lgelerde yerel akreditasyonda bulundu\u011fundan, derhal ve d\u00fczg\u00fcn bir \u015fekilde belgeleri ve sorunlar\u0131 \u00e7\u00f6zmek amac\u0131yla y\u00fcksek \u00f6ncelikli i\u015flemler g\u00f6r\u00fcr.<\/p>\n<p>\u0130tiraz Formu-AIF-001, konuyu belgelemek amac\u0131yla ve takip i\u015flemi ile temasta olan ileti\u015fim ve eylemlerin belgelenmesini i\u00e7ermekte olup, gerekti\u011finde ekleri i\u00e7ermektedir. Form-AIF-001, burada itiraz protokol\u00fc ve formun tamamlanmas\u0131 hakk\u0131nda bilgi ve rehberlik sa\u011flar. Burada itiraz kurulunun olu\u015fumunu da i\u00e7eren itiraz prosed\u00fcr\u00fcn\u00fc tan\u0131ml\u0131yoruz.<\/p>\n<p>\u0130tiraz\u0131 \u00e7\u0131kar\u0131rken kullan\u0131lan herhangi bir ileti\u015fim Form-AIF-001&#8217;e e\u015flik etmelidir.<\/p>\n<p>Bir itiraz, 15 i\u015f g\u00fcn\u00fc i\u00e7inde BRSM&#8217;den takip \u00fczerine hareket etmektir. Kapal\u0131 Form-AIF-001, BRSM&#8217;de 4 y\u0131l s\u00fcreyle saklan\u0131r. \u0130tirazlar, uluslararas\u0131 akreditasyona imza koyan ve sahip oldu\u011fumuz ama\u00e7la ve se\u00e7ilen b\u00f6lgelerde yerel akreditasyonda bulundu\u011fundan, derhal ve d\u00fczg\u00fcn bir \u015fekilde belgeleri ve sorunlar\u0131 \u00e7\u00f6zmek amac\u0131yla y\u00fcksek \u00f6ncelikli i\u015flemler g\u00f6r\u00fcr.<\/p>\n<p><strong>Prosed\u00fcr<\/strong><\/p>\n<p>\u0130tirazc\u0131 AIF-001 formundan itiraz formunu <strong><a href=\"mailto:INFO@BRSMENA.COM\">INFO@BRSMENA.COM<\/a><\/strong> adresine e-posta yoluyla g\u00f6nderebilir veya di\u011fer yollarla BRSM \/ \u015eubelerle temasa ge\u00e7ebilir. Bir m\u00fc\u015fteri \/ m\u00fc\u015fteri organizasyonu temasa ge\u00e7mesi ya da bir Form-AIF-001 belgesinin al\u0131nmas\u0131, temyizi BRSM&#8217;ye (\u015fubelere) y\u00fckseltmek i\u00e7in tetikleyici mekanizmalard\u0131r.3g\u00fcn i\u00e7inde BRSM ge\u00e7erli itiraz talebi veya Form-AIF-001 (talepteki m\u00fc\u015fteri kurulu\u015fu taraf\u0131ndan se\u00e7ilen ara\u00e7 olarak) do\u011frular. Form-AIF-001&#8217;i doldurmadan itiraz (veya itirazlar) talebinde bulunma ihtimali bulunan idari personel, temyiz ba\u015fvurusunu ileri gidilecek gibi ele alacakt\u0131r. Gerekli g\u00f6rd\u00fc\u011f\u00fc takdirde, Personel \u00dcyesi Form-AIF-001&#8217;i dolduracak ve kabul\u00fc i\u00e7in m\u00fc\u015fteri \/ kurum \/ kurulu\u015fa sunacakt\u0131r. Temyiz Formu-AIF-001, itiraz Kurulunun (AC) kurulmas\u0131n\u0131 tetikleyen Y\u00f6netim Kuruluna (ve BRSM&#8217;ye kopya olarak) ilerlemektedir. AC, Y\u00f6netim Kurulu \u00fcyelerinden olu\u015fan ge\u00e7ici bir paneldir ve konuyla ilgili tarafs\u0131zl\u0131klar\u0131ndan dolay\u0131 gerekli g\u00f6rd\u00fc\u011f\u00fc ve uygun oldu\u011fu kabul edilen BRSM \/ B\u00f6lgeler \/ BRS temsilcisi ve temsilcisini i\u00e7erebilir. AC se\u00e7imi, Y\u00f6netim Kurulu ve Ba\u015f Y\u00f6netici taraf\u0131ndan onaylan\u0131r. Karara varmak AC&#8217;nin sorumlulu\u011fundad\u0131r; \u0130tiraz\u0131n tetiklendi\u011fi Personel \u00dcyesi, AC&#8217;ye kat\u0131lmaz. \u0130tiraz eden ki\u015fiyi AC&#8217;nin bile\u015fimi konusunda bilgilendirmeyi ve itirazda bulunmay\u0131 talep etmesini istemektedir. \u0130tirazc\u0131n\u0131n, AC bile\u015fimine itiraz etmek i\u00e7in 12 g\u00fcn vard\u0131r. \u0130tiraz i\u015flemini etkilemeyen \u015fubelerin bir \u00fcyesi, m\u00fc\u015fteri \/ kurum taraf\u0131ndan kabul edilirse AC&#8217;ye kat\u0131l\u0131r ve bu durumda ba\u015f rol\u00fc \u00fcstlenir. Temyiz karar\u0131n\u0131 yaz\u0131l\u0131 olarak bildirmesi gerekir. AC&#8217;nin kurulmas\u0131, ilk temyiz tarihinden itibaren 15 g\u00fcn\u00fc ge\u00e7memelidir, Form-AIF-001&#8217;i ve itiraz eden ki\u015finin kabul\u00fcn\u00fc sa\u011flamal\u0131d\u0131r.<\/p>\n<p>AC, itiraz\u0131 tart\u0131\u015fmaya ba\u015flar ve bir veya iki karar i\u00e7in 20 i\u015f g\u00fcn\u00fcnde \u00f6n kapatmaya gelmelidir:<\/p>\n<p>AC karar\u0131 bir de\u011ferlendirme ekibini veya ba\u015fka bir \u015fekilde de\u011ferlendirme ekibinin sonucunu bozabilir. AC karar\u0131, de\u011ferlendirme ekibinin veya de\u011ferlendirme ekibi liderinin karar\u0131n\u0131n durmas\u0131na izin verebilir.<\/p>\n<p>Temyizcinin, AC lider \u00fcyesinin masraflar\u0131n\u0131, ki\u015fiden ki\u015fiye yap\u0131lan i\u015fitme masraflar\u0131n\u0131 \u00f6demek gibi ikinci bir se\u00e7ene\u011fi vard\u0131r. Bu durumda, son ve kararl\u0131 bir sonu\u00e7, b\u00f6ylece son kapatma, A\u00c7 lider ki\u015fi taraf\u0131ndan yap\u0131l\u0131r. I\u015flemin ger\u00e7ekle\u015fmesi halinde, AC, de\u011ferlendirme ekibi \u00fczerinde d\u00fczeltici \u00f6nlemi alabilir. BRSM ve itiraz eden ki\u015fi aras\u0131ndaki ileti\u015fim, ba\u015flang\u0131\u00e7ta Form-AIF-001&#8217;i i\u00e7ermesi gerekmez.<\/p>\n<p><strong>\u0130tiraz Kayd\u0131na ula\u015f\u0131m (ve \u015eikayetler)<\/strong><\/p>\n<p>Belirli d\u00fczeltici faaliyetler, \u015fikayetler, uyu\u015fmazl\u0131klar ve itirazlar i\u00e7in bir Log Formu ge\u00e7erlidir. D\u00fczeltici faaliyetlerin, \u015fikayetlerin, anla\u015fmazl\u0131\u011f\u0131n veya itirazlar\u0131n takdirine ba\u011fl\u0131 konularla ilgili kay\u0131tlar gizli tutulur. \u015eik\u00e2yet eden, itiraz eden, \u015fubeleri, BRSM T\u00fcrkiye \/ BRS ve ge\u00e7ici kurul \/ komite \u00fcyelerini i\u00e7eren kat\u0131l\u0131mc\u0131 partiler d\u0131\u015f\u0131nda hi\u00e7bir bilgi a\u00e7\u0131klanmaz.<\/p>\n<p><strong><a href=\"http:\/\/brsmena.com\/tr\/wp-content\/uploads\/sites\/4\/2017\/07\/appeal-form-turkey.doc\">\u0130tiraz formunu indir<\/a><\/strong><\/p>\n","protected":false},"excerpt":{"rendered":"<p>\u0130tirazlar Kapsam: tart\u0131\u015fmak i\u00e7in m\u00fc\u015fteri \/ m\u00fc\u015fteri organizasyonlar\u0131ndan gelen &#8220;itiraz&#8221; taleplerini kapsar. Telefon g\u00f6r\u00fc\u015fmeleri, mektuplar, fakslar, e-postalar ve itiraz\u0131n site lokasyonu kayna\u011f\u0131na yap\u0131lan ki\u015fisel ziyaretler dahil olmak \u00fczere ancak bunlarla s\u0131n\u0131rl\u0131 olmamak \u00fczere, ileti\u015fimle ilgili olanlar\u0131 y\u00f6nlendirecek olan olas\u0131 m\u00fc\u015fteri \/ kurumlara formlar\u0131 y\u00fcklememek i\u00e7in (- \u015fik\u00e2yet). Anla\u015fmazl\u0131klar\u0131 itiraz olarak e\u015fit kabul ediyoruz; bir anla\u015fmazl\u0131\u011f\u0131n [&hellip;]<\/p>\n","protected":false},"author":1,"featured_media":0,"parent":0,"menu_order":0,"comment_status":"closed","ping_status":"closed","template":"","meta":[],"_links":{"self":[{"href":"https:\/\/brsmena.com\/tr\/wp-json\/wp\/v2\/pages\/146"}],"collection":[{"href":"https:\/\/brsmena.com\/tr\/wp-json\/wp\/v2\/pages"}],"about":[{"href":"https:\/\/brsmena.com\/tr\/wp-json\/wp\/v2\/types\/page"}],"author":[{"embeddable":true,"href":"https:\/\/brsmena.com\/tr\/wp-json\/wp\/v2\/users\/1"}],"replies":[{"embeddable":true,"href":"https:\/\/brsmena.com\/tr\/wp-json\/wp\/v2\/comments?post=146"}],"version-history":[{"count":1,"href":"https:\/\/brsmena.com\/tr\/wp-json\/wp\/v2\/pages\/146\/revisions"}],"predecessor-version":[{"id":9845,"href":"https:\/\/brsmena.com\/tr\/wp-json\/wp\/v2\/pages\/146\/revisions\/9845"}],"wp:attachment":[{"href":"https:\/\/brsmena.com\/tr\/wp-json\/wp\/v2\/media?parent=146"}],"curies":[{"name":"wp","href":"https:\/\/api.w.org\/{rel}","templated":true}]}}