{"id":149,"date":"2017-07-21T11:17:34","date_gmt":"2017-07-21T11:17:34","guid":{"rendered":"http:\/\/brsmena.com\/turkish\/?page_id=149"},"modified":"2017-08-02T05:18:57","modified_gmt":"2017-08-02T05:18:57","slug":"certified-clients","status":"publish","type":"page","link":"https:\/\/brsmena.com\/tr\/certified-clients","title":{"rendered":"Sertifikasyon numaran\u0131z\u0131 burada aray\u0131n!"},"content":{"rendered":"<p>L\u00fctfen kay\u0131t verilerini bulmak i\u00e7in arama se\u00e7ene\u011fini kullan\u0131n. L\u00fctfen e\u011fitim kay\u0131t numaran\u0131z\u0131 a\u015fa\u011f\u0131daki b\u00f6l\u00fcme giriniz:<\/p>\n<form method='post' class='cert_search_form'>\r\n\t\t\t<label for='cert_number'>Sertifikasyon numaras\u0131  :<\/label><br \/>\r\n\t\t\t<input type='text' name='cert_number' id='cert_number' placeholder='Sertifikasyon numaras\u0131  '>\r\n\t\t\t\r\n\t\t\t<input type='submit' name='cert_lookup' value='arama'>\r\n\t\t<\/form>\n","protected":false},"excerpt":{"rendered":"<p>L\u00fctfen kay\u0131t verilerini bulmak i\u00e7in arama se\u00e7ene\u011fini kullan\u0131n. L\u00fctfen e\u011fitim kay\u0131t numaran\u0131z\u0131 a\u015fa\u011f\u0131daki b\u00f6l\u00fcme giriniz:<\/p>\n","protected":false},"author":1,"featured_media":0,"parent":0,"menu_order":0,"comment_status":"closed","ping_status":"closed","template":"","meta":[],"_links":{"self":[{"href":"https:\/\/brsmena.com\/tr\/wp-json\/wp\/v2\/pages\/149"}],"collection":[{"href":"https:\/\/brsmena.com\/tr\/wp-json\/wp\/v2\/pages"}],"about":[{"href":"https:\/\/brsmena.com\/tr\/wp-json\/wp\/v2\/types\/page"}],"author":[{"embeddable":true,"href":"https:\/\/brsmena.com\/tr\/wp-json\/wp\/v2\/users\/1"}],"replies":[{"embeddable":true,"href":"https:\/\/brsmena.com\/tr\/wp-json\/wp\/v2\/comments?post=149"}],"version-history":[{"count":0,"href":"https:\/\/brsmena.com\/tr\/wp-json\/wp\/v2\/pages\/149\/revisions"}],"wp:attachment":[{"href":"https:\/\/brsmena.com\/tr\/wp-json\/wp\/v2\/media?parent=149"}],"curies":[{"name":"wp","href":"https:\/\/api.w.org\/{rel}","templated":true}]}}