{"id":155,"date":"2017-07-21T11:17:34","date_gmt":"2017-07-21T11:17:34","guid":{"rendered":"http:\/\/brsmena.com\/turkish\/?page_id=155"},"modified":"2017-08-02T06:19:52","modified_gmt":"2017-08-02T06:19:52","slug":"contact-us","status":"publish","type":"page","link":"https:\/\/brsmena.com\/tr\/contact-us","title":{"rendered":"\u0130leti\u015fim"},"content":{"rendered":"<p>[et_pb_section bb_built=&#8221;1&#8243; _builder_version=&#8221;3.0.47&#8243;][et_pb_row _builder_version=&#8221;3.0.61&#8243; background_size=&#8221;initial&#8221; background_position=&#8221;top_left&#8221; background_repeat=&#8221;repeat&#8221;][et_pb_column type=&#8221;2_3&#8243;][et_pb_map address=&#8221;Trump Towers, Ku\u015ftepe Mah. Mecidiyek\u00f6y Yolu Cad., No:12 Kule:2 Kat:18, 34387 Istanbul\/\u0130stanbul, Turkey&#8221; zoom_level=&#8221;11&#8243; address_lat=&#8221;41.09676239220927&#8243; address_lng=&#8221;29.00672999278184&#8243; _builder_version=&#8221;3.0.61&#8243;] [et_pb_map_pin title=&#8221;BSRM Head Office&#8221; pin_address=&#8221;Trump Towers, Ku\u015ftepe Mah. Mecidiyek\u00f6y Yolu Cad., No:12 Kule:2 Kat:18, 34387 Istanbul\/\u0130stanbul, Turkey&#8221; pin_address_lat=&#8221;41.0674128&#8243; pin_address_lng=&#8221;28.990371200000027&#8243; _builder_version=&#8221;3.0.47&#8243;]<\/p>\n<p>Address: No. 12,18th Floor, Trump Tower, Mecidiyekoy, Istanbul, Turkey<br \/>\nTel:+90 212 3063293<br \/>\nFax:+90 212 3063101<br \/>\nEmail:Info@brsmena.com<\/p>\n<p>[\/et_pb_map_pin] [\/et_pb_map][et_pb_contact_form captcha=&#8221;off&#8221; title=&#8221;temasta olmak&#8221; module_id=&#8221;et_pb_contact_form_0&#8243; _builder_version=&#8221;3.0.61&#8243; use_redirect=&#8221;off&#8221; input_border_radius=&#8221;0&#8243; border_style=&#8221;solid&#8221; custom_button=&#8221;off&#8221; button_letter_spacing=&#8221;0&#8243; button_icon_placement=&#8221;right&#8221; button_letter_spacing_hover=&#8221;0&#8243;] [et_pb_contact_field field_id=&#8221;Name&#8221; field_title=&#8221;isim&#8221; _builder_version=&#8221;3.0.47&#8243; field_type=&#8221;input&#8221; checkbox_checked=&#8221;off&#8221; min_length=&#8221;0&#8243; max_length=&#8221;0&#8243; allowed_symbols=&#8221;all&#8221; required_mark=&#8221;on&#8221; conditional_logic=&#8221;off&#8221; conditional_logic_relation=&#8221;off&#8221; conditional_logic_rules=&#8221;%91{%22field%22:%22email%22,%22condition%22:%22is%22,%22value%22:%22%22}%93&#8243; fullwidth_field=&#8221;on&#8221; form_field_font_select=&#8221;default&#8221; form_field_font=&#8221;||||&#8221; use_border_color=&#8221;off&#8221; border_style=&#8221;solid&#8221; \/][et_pb_contact_field field_id=&#8221;Email&#8221; field_title=&#8221;E-posta:&#8221; field_type=&#8221;email&#8221; _builder_version=&#8221;3.0.47&#8243; checkbox_checked=&#8221;off&#8221; min_length=&#8221;0&#8243; max_length=&#8221;0&#8243; allowed_symbols=&#8221;all&#8221; required_mark=&#8221;on&#8221; conditional_logic=&#8221;off&#8221; conditional_logic_relation=&#8221;off&#8221; conditional_logic_rules=&#8221;%91{%22field%22:%22name%22,%22condition%22:%22is%22,%22value%22:%22%22}%93&#8243; fullwidth_field=&#8221;on&#8221; form_field_font_select=&#8221;default&#8221; form_field_font=&#8221;||||&#8221; use_border_color=&#8221;off&#8221; border_style=&#8221;solid&#8221; \/][et_pb_contact_field field_id=&#8221;Message&#8221; field_title=&#8221;mesaj&#8221; field_type=&#8221;text&#8221; fullwidth_field=&#8221;on&#8221; _builder_version=&#8221;3.0.47&#8243; checkbox_checked=&#8221;off&#8221; min_length=&#8221;0&#8243; max_length=&#8221;0&#8243; allowed_symbols=&#8221;all&#8221; required_mark=&#8221;on&#8221; conditional_logic=&#8221;off&#8221; conditional_logic_relation=&#8221;off&#8221; conditional_logic_rules=&#8221;%91{%22field%22:%22name%22,%22condition%22:%22is%22,%22value%22:%22%22}%93&#8243; form_field_font_select=&#8221;default&#8221; form_field_font=&#8221;||||&#8221; use_border_color=&#8221;off&#8221; border_style=&#8221;solid&#8221; \/] [\/et_pb_contact_form][\/et_pb_column][et_pb_column type=&#8221;1_3&#8243;][et_pb_text _builder_version=&#8221;3.0.61&#8243; background_size=&#8221;initial&#8221; background_position=&#8221;top_left&#8221; background_repeat=&#8221;repeat&#8221; background_layout=&#8221;light&#8221; text_orientation=&#8221;left&#8221; border_style=&#8221;solid&#8221;]<\/p>\n<h3>BRSM Merkez ofis:<\/h3>\n<p>Adres: T\u00fcrkiye, \u0130stanbul, Mecidiyek\u00f6y, Trump tower,18&#8217;inci kat,12numara<br \/>\nTelefon: + 90 212 3063293<br \/>\nFaks: +90 212 3063101<br \/>\nE-posta: info@brsmena.com<\/p>\n<h5><\/h5>\n<p>[\/et_pb_text][et_pb_sidebar area=&#8221;et_pb_widget_area_2&#8243; _builder_version=&#8221;3.0.61&#8243; header_line_height=&#8221;1.6em&#8221; body_line_height=&#8221;1.4em&#8221; body_text_color=&#8221;#154094&#8243; body_font=&#8221;||||&#8221; \/][\/et_pb_column][\/et_pb_row][\/et_pb_section]<\/p>\n","protected":false},"excerpt":{"rendered":"<p>[et_pb_section bb_built=&#8221;1&#8243; _builder_version=&#8221;3.0.47&#8243;][et_pb_row _builder_version=&#8221;3.0.61&#8243; background_size=&#8221;initial&#8221; background_position=&#8221;top_left&#8221; background_repeat=&#8221;repeat&#8221;][et_pb_column type=&#8221;2_3&#8243;][et_pb_map address=&#8221;Trump Towers, Ku\u015ftepe Mah. Mecidiyek\u00f6y Yolu Cad., No:12 Kule:2 Kat:18, 34387 Istanbul\/\u0130stanbul, Turkey&#8221; zoom_level=&#8221;11&#8243; address_lat=&#8221;41.09676239220927&#8243; address_lng=&#8221;29.00672999278184&#8243; _builder_version=&#8221;3.0.61&#8243;] [et_pb_map_pin title=&#8221;BSRM Head Office&#8221; pin_address=&#8221;Trump Towers, Ku\u015ftepe Mah. Mecidiyek\u00f6y Yolu Cad., No:12 Kule:2 Kat:18, 34387 Istanbul\/\u0130stanbul, Turkey&#8221; pin_address_lat=&#8221;41.0674128&#8243; pin_address_lng=&#8221;28.990371200000027&#8243; _builder_version=&#8221;3.0.47&#8243;] Address: No. 12,18th Floor, Trump Tower, Mecidiyekoy, Istanbul, Turkey Tel:+90 [&hellip;]<\/p>\n","protected":false},"author":1,"featured_media":0,"parent":0,"menu_order":0,"comment_status":"closed","ping_status":"closed","template":"","meta":[],"_links":{"self":[{"href":"https:\/\/brsmena.com\/tr\/wp-json\/wp\/v2\/pages\/155"}],"collection":[{"href":"https:\/\/brsmena.com\/tr\/wp-json\/wp\/v2\/pages"}],"about":[{"href":"https:\/\/brsmena.com\/tr\/wp-json\/wp\/v2\/types\/page"}],"author":[{"embeddable":true,"href":"https:\/\/brsmena.com\/tr\/wp-json\/wp\/v2\/users\/1"}],"replies":[{"embeddable":true,"href":"https:\/\/brsmena.com\/tr\/wp-json\/wp\/v2\/comments?post=155"}],"version-history":[{"count":1,"href":"https:\/\/brsmena.com\/tr\/wp-json\/wp\/v2\/pages\/155\/revisions"}],"predecessor-version":[{"id":9844,"href":"https:\/\/brsmena.com\/tr\/wp-json\/wp\/v2\/pages\/155\/revisions\/9844"}],"wp:attachment":[{"href":"https:\/\/brsmena.com\/tr\/wp-json\/wp\/v2\/media?parent=155"}],"curies":[{"name":"wp","href":"https:\/\/api.w.org\/{rel}","templated":true}]}}