{"id":38,"date":"2017-07-10T05:54:57","date_gmt":"2017-07-10T05:54:57","guid":{"rendered":"http:\/\/brsmena.com\/turkish\/?page_id=38"},"modified":"2017-09-25T11:34:11","modified_gmt":"2017-09-25T11:34:11","slug":"home","status":"publish","type":"page","link":"https:\/\/brsmena.com\/tr\/","title":{"rendered":"Ev"},"content":{"rendered":"<p>[et_pb_section bb_built=&#8221;1&#8243; inner_shadow=&#8221;on&#8221; custom_padding=&#8221;383px|||&#8221; custom_padding_tablet=&#8221;0px|||&#8221; disabled_on=&#8221;off||&#8221; module_id=&#8221;home_intro&#8221; custom_padding_last_edited=&#8221;on|desktop&#8221; _builder_version=&#8221;3.0.61&#8243; use_background_color_gradient=&#8221;on&#8221; background_color_gradient_start=&#8221;#ffffff&#8221; background_color_gradient_end=&#8221;rgba(21,64,148,0.17)&#8221; background_image=&#8221;http:\/\/brsmena.com\/tr\/wp-content\/uploads\/sites\/4\/2017\/07\/O730000-2.jpg&#8221; background_size=&#8221;contain&#8221; background_position=&#8221;top_center&#8221;][et_pb_row _builder_version=&#8221;3.0.61&#8243;][et_pb_column type=&#8221;1_3&#8243;][et_pb_button button_url=&#8221;http:\/\/brsmena.com\/tr\/training&#8221; button_text=&#8221;E\u011fitim&#8221; button_alignment=&#8221;center&#8221; background_layout=&#8221;dark&#8221; _builder_version=&#8221;3.0.61&#8243; custom_button=&#8221;on&#8221; button_text_color=&#8221;#ffffff&#8221; button_bg_color=&#8221;#154094&#8243; button_border_width=&#8221;0px&#8221; button_border_radius=&#8221;0px&#8221; button_icon=&#8221;%%32%%&#8221; button_bg_color_hover=&#8221;#000a44&#8243; button_border_radius_hover=&#8221;0px&#8221; custom_css_main_element=&#8221;width: 100%;||line-height: 80px !important;&#8221; custom_css_after=&#8221;line-height: 80px !important;&#8221; background_color=&#8221;#7EBEC5&#8243; url_new_window=&#8221;off&#8221; button_letter_spacing=&#8221;0&#8243; button_icon_placement=&#8221;right&#8221; button_letter_spacing_hover=&#8221;0&#8243; \/][\/et_pb_column][et_pb_column type=&#8221;1_3&#8243;][et_pb_button button_url=&#8221;http:\/\/brsmena.com\/tr\/energy&#8221; button_text=&#8221;Enerji &#8221; button_alignment=&#8221;center&#8221; background_layout=&#8221;dark&#8221; _builder_version=&#8221;3.0.61&#8243; custom_button=&#8221;on&#8221; button_text_color=&#8221;#ffffff&#8221; button_bg_color=&#8221;#154094&#8243; button_border_width=&#8221;0px&#8221; button_border_radius=&#8221;0px&#8221; button_icon=&#8221;%%32%%&#8221; button_bg_color_hover=&#8221;#000a44&#8243; button_border_radius_hover=&#8221;0px&#8221; custom_css_main_element=&#8221;width: 100%;||line-height: 80px !important;&#8221; custom_css_after=&#8221;line-height: 80px !important;&#8221; background_color=&#8221;#7EBEC5&#8243; url_new_window=&#8221;off&#8221; button_letter_spacing=&#8221;0&#8243; button_icon_placement=&#8221;right&#8221; button_letter_spacing_hover=&#8221;0&#8243; \/][\/et_pb_column][et_pb_column type=&#8221;1_3&#8243;][et_pb_button button_url=&#8221;http:\/\/brsmena.com\/tr\/safety-management-system&#8221; button_text=&#8221;G\u00fcvenlik y\u00f6netim sistemi&#8221; button_alignment=&#8221;center&#8221; background_layout=&#8221;dark&#8221; _builder_version=&#8221;3.0.61&#8243; custom_button=&#8221;on&#8221; button_text_color=&#8221;#ffffff&#8221; button_bg_color=&#8221;#154094&#8243; button_border_width=&#8221;0px&#8221; button_border_radius=&#8221;0px&#8221; button_icon=&#8221;%%32%%&#8221; button_bg_color_hover=&#8221;#000a44&#8243; button_border_radius_hover=&#8221;0px&#8221; custom_css_main_element=&#8221;width: 100%;||line-height: 80px !important;&#8221; custom_css_after=&#8221;line-height: 80px !important;&#8221; background_color=&#8221;#7EBEC5&#8243; url_new_window=&#8221;off&#8221; button_letter_spacing=&#8221;0&#8243; button_icon_placement=&#8221;right&#8221; button_letter_spacing_hover=&#8221;0&#8243; \/][\/et_pb_column][\/et_pb_row][et_pb_row _builder_version=&#8221;3.0.61&#8243;][et_pb_column type=&#8221;1_3&#8243;][et_pb_button button_url=&#8221;http:\/\/brsmena.com\/tr\/service-provider&#8221; button_text=&#8221;Servis sa\u011flay\u0131c\u0131 &#8221; button_alignment=&#8221;center&#8221; background_layout=&#8221;dark&#8221; _builder_version=&#8221;3.0.61&#8243; custom_button=&#8221;on&#8221; button_text_color=&#8221;#ffffff&#8221; button_bg_color=&#8221;#154094&#8243; button_border_width=&#8221;0px&#8221; button_border_radius=&#8221;0px&#8221; button_icon=&#8221;%%32%%&#8221; button_bg_color_hover=&#8221;#000a44&#8243; button_border_radius_hover=&#8221;0px&#8221; custom_css_main_element=&#8221;width: 100%;||line-height: 80px !important;&#8221; custom_css_after=&#8221;line-height: 80px !important;&#8221; background_color=&#8221;#7EBEC5&#8243; url_new_window=&#8221;off&#8221; button_letter_spacing=&#8221;0&#8243; button_icon_placement=&#8221;right&#8221; button_letter_spacing_hover=&#8221;0&#8243; \/][\/et_pb_column][et_pb_column type=&#8221;1_3&#8243;][et_pb_button button_url=&#8221;http:\/\/brsmena.com\/tr\/industry&#8221; button_text=&#8221;End\u00fcstri&#8221; button_alignment=&#8221;center&#8221; background_layout=&#8221;dark&#8221; _builder_version=&#8221;3.0.61&#8243; custom_button=&#8221;on&#8221; button_text_color=&#8221;#ffffff&#8221; button_bg_color=&#8221;#154094&#8243; button_border_width=&#8221;0px&#8221; button_border_radius=&#8221;0px&#8221; button_icon=&#8221;%%32%%&#8221; button_bg_color_hover=&#8221;#000a44&#8243; button_border_radius_hover=&#8221;0px&#8221; custom_css_main_element=&#8221;width: 100%;||line-height: 80px !important;&#8221; custom_css_after=&#8221;line-height: 80px !important;&#8221; background_color=&#8221;#7EBEC5&#8243; url_new_window=&#8221;off&#8221; button_letter_spacing=&#8221;0&#8243; button_icon_placement=&#8221;right&#8221; button_letter_spacing_hover=&#8221;0&#8243; \/][\/et_pb_column][et_pb_column type=&#8221;1_3&#8243;][et_pb_button button_url=&#8221;http:\/\/brsmena.com\/tr\/information-security&#8221; button_text=&#8221;Bilgi G\u00fcvenli\u011fi&#8221; button_alignment=&#8221;center&#8221; background_layout=&#8221;dark&#8221; _builder_version=&#8221;3.0.61&#8243; custom_button=&#8221;on&#8221; button_text_color=&#8221;#ffffff&#8221; button_bg_color=&#8221;#154094&#8243; button_border_width=&#8221;0px&#8221; button_border_radius=&#8221;0px&#8221; button_icon=&#8221;%%32%%&#8221; button_bg_color_hover=&#8221;#000a44&#8243; button_border_radius_hover=&#8221;0px&#8221; custom_css_main_element=&#8221;width: 100%;||line-height: 80px !important;&#8221; custom_css_after=&#8221;line-height: 80px !important;&#8221; background_color=&#8221;#7EBEC5&#8243; url_new_window=&#8221;off&#8221; button_letter_spacing=&#8221;0&#8243; button_icon_placement=&#8221;right&#8221; button_letter_spacing_hover=&#8221;0&#8243; \/][\/et_pb_column][\/et_pb_row][et_pb_row _builder_version=&#8221;3.0.61&#8243;][et_pb_column type=&#8221;1_3&#8243;][et_pb_button button_url=&#8221;http:\/\/brsmena.com\/tr\/environment&#8221; button_text=&#8221;\u00c7evre&#8221; button_alignment=&#8221;center&#8221; background_layout=&#8221;dark&#8221; _builder_version=&#8221;3.0.61&#8243; custom_button=&#8221;on&#8221; button_text_color=&#8221;#ffffff&#8221; button_bg_color=&#8221;#154094&#8243; button_border_width=&#8221;0px&#8221; button_border_radius=&#8221;0px&#8221; button_icon=&#8221;%%32%%&#8221; button_bg_color_hover=&#8221;#000a44&#8243; button_border_radius_hover=&#8221;0px&#8221; custom_css_main_element=&#8221;width: 100%;||line-height: 80px !important;&#8221; custom_css_after=&#8221;line-height: 80px !important;&#8221; background_color=&#8221;#7EBEC5&#8243; url_new_window=&#8221;off&#8221; button_letter_spacing=&#8221;0&#8243; button_icon_placement=&#8221;right&#8221; button_letter_spacing_hover=&#8221;0&#8243; \/][\/et_pb_column][et_pb_column type=&#8221;1_3&#8243;][et_pb_button button_url=&#8221;http:\/\/brsmena.com\/tr\/product-certification&#8221; button_text=&#8221;\u00dcr\u00fcn sertifikaland\u0131rma&#8221; button_alignment=&#8221;center&#8221; background_layout=&#8221;dark&#8221; _builder_version=&#8221;3.0.61&#8243; custom_button=&#8221;on&#8221; button_text_color=&#8221;#ffffff&#8221; button_bg_color=&#8221;#154094&#8243; button_border_width=&#8221;0px&#8221; button_border_radius=&#8221;0px&#8221; button_icon=&#8221;%%32%%&#8221; button_bg_color_hover=&#8221;#000a44&#8243; button_border_radius_hover=&#8221;0px&#8221; custom_css_main_element=&#8221;width: 100%;||line-height: 80px !important;&#8221; custom_css_after=&#8221;line-height: 80px !important;&#8221; background_color=&#8221;#7EBEC5&#8243; url_new_window=&#8221;off&#8221; button_letter_spacing=&#8221;0&#8243; button_icon_placement=&#8221;right&#8221; button_letter_spacing_hover=&#8221;0&#8243; \/][\/et_pb_column][et_pb_column type=&#8221;1_3&#8243;][\/et_pb_column][\/et_pb_row][\/et_pb_section][et_pb_section bb_built=&#8221;1&#8243; custom_padding=&#8221;||0px|&#8221; _builder_version=&#8221;3.0.61&#8243;][et_pb_row _builder_version=&#8221;3.0.47&#8243; background_size=&#8221;initial&#8221; background_position=&#8221;top_left&#8221; background_repeat=&#8221;repeat&#8221;][et_pb_column type=&#8221;2_3&#8243;][et_pb_text admin_label=&#8221;So Who Are We?&#8221; text_orientation=&#8221;justified&#8221; _builder_version=&#8221;3.0.61&#8243; text_font=&#8221;Roboto Condensed||||&#8221; text_font_size=&#8221;16px&#8221; text_line_height=&#8221;2em&#8221; header_font=&#8221;Playfair Display||||&#8221; header_text_color=&#8221;#18af31&#8243; background_layout=&#8221;light&#8221; border_style=&#8221;solid&#8221;]<\/p>\n<p>B\u0130Z K\u0130M\u0130Z?<\/p>\n<p>Brsm,brsmena\u2019n\u0131n k\u0131saltmas\u0131d\u0131r. Brsm, brs&#8217;n\u0131n b\u00f6lgesel bir ofisi olarak i\u015fe ba\u015flad\u0131, brs California markas\u0131 alt\u0131nda \u00e7al\u0131\u015fan ba\u011f\u0131ms\u0131z olarak tan\u0131nm\u0131\u015f. 2016 y\u0131l\u0131nda brsm k\u00f6klerinden ba\u011f\u0131ms\u0131z hale geldi.<\/p>\n<p>Biz bir akreditasyon-tan\u0131t\u0131m platformuna\/ topluluklar\u0131 ve t\u00fcketicileri d\u00fcnya \u00e7ap\u0131nda yetki alanlar\u0131nda korumak i\u00e7in yasal bir ara\u00e7 ta\u015f\u0131yan y\u00fcksek ama\u00e7l\u0131 bir sisteme hitap ediyoruz. Bu akreditasyon, \u00fclkenin en \u00fcst d\u00fczey makamlar\u0131n\u0131n \u00fc\u00e7lemesine hitap eder. Bu amaca ula\u015fmak i\u00e7in, tarafs\u0131z olarak de\u011ferlerimiz, misyonumuz ve vizyonumuz y\u00f6n\u00fcnde olan politikalar\u0131m\u0131z arac\u0131 ile yasal olarak kar\u015f\u0131l\u0131k veririz. Ayr\u0131ca, BRSM yerel akreditasyon programlar\u0131na ba\u011fl\u0131 olarak ISO \/ IEC 17021&#8217;in gerekliliklerini ele almaktad\u0131r.<\/p>\n<p>Bu belge, sertifika-kay\u0131t \u00f6nerisi i\u00e7in yap\u0131lan de\u011ferlendirmeleri i\u00e7eren faaliyetlere kat\u0131lmay\u0131 se\u00e7ti\u011fimiz se\u00e7kin uzmanlar\u0131m\u0131za at\u0131fta bulunan tamamlay\u0131c\u0131 bir belgedir. Y\u00f6netim kadrosu dahil sonu\u00e7lar\u0131 etkileyebilecek (\u00e7\u0131kar \u00e7at\u0131\u015fmas\u0131na neden olan) herhangi bir ticari, mali ve di\u011fer bask\u0131lardan ar\u0131nd\u0131r\u0131lm\u0131\u015f olmal\u0131d\u0131r. Politikalar\u0131m\u0131z arac\u0131l\u0131\u011f\u0131yla i\u015fbirli\u011fi yaparak, BRSM,Q&amp;A PM (kalite y\u00f6neticisi) \u015fubeleri, de\u011ferlendirme ekibi \u00fcyelerinin \u00e7\u0131kar \u00e7at\u0131\u015fmas\u0131ndan ba\u011f\u0131ms\u0131z oldu\u011funu tespit eder de\u011ferlendirmeyi yaparken MD&#8217;ye ve Q&amp; A PM&#8217;e e\u015fit \u015fekilde uygularlar, el k\u0131lavuzu bak.<\/p>\n<p>Daha fazlas\u0131na bak<\/p>\n<p>[\/et_pb_text][\/et_pb_column][et_pb_column type=&#8221;1_3&#8243;][et_pb_sidebar admin_label=&#8221;haber&#8221; area=&#8221;et_pb_widget_area_1&#8243; _builder_version=&#8221;3.0.61&#8243; orientation=&#8221;left&#8221; background_layout=&#8221;light&#8221; \/][\/et_pb_column][\/et_pb_row][\/et_pb_section][et_pb_section bb_built=&#8221;1&#8243; custom_padding=&#8221;0px|||&#8221; _builder_version=&#8221;3.0.61&#8243;][et_pb_row _builder_version=&#8221;3.0.61&#8243; background_size=&#8221;initial&#8221; background_position=&#8221;top_left&#8221; background_repeat=&#8221;repeat&#8221;][et_pb_column type=&#8221;1_3&#8243;][et_pb_blurb admin_label=&#8221;Policy Blurb&#8221; title=&#8221;politika&#8221; icon_color=&#8221;#2ea3f2&#8243; image=&#8221;http:\/\/brsmena.com\/wp-content\/uploads\/sites\/4\/2017\/07\/policy.jpg&#8221; alt=&#8221;Policy&#8221; animation=&#8221;off&#8221; text_orientation=&#8221;center&#8221; _builder_version=&#8221;3.0.61&#8243; header_font=&#8221;Roboto||||&#8221; header_font_size=&#8221;24&#8243; header_text_color=&#8221;#3266cb&#8221; body_font=&#8221;Roboto Condensed||||&#8221; body_line_height=&#8221;2em&#8221; background_size=&#8221;initial&#8221; background_position=&#8221;top_left&#8221; background_repeat=&#8221;repeat&#8221; use_border_color=&#8221;on&#8221; border_color=&#8221;#c9c8cd&#8221; custom_padding=&#8221;||20px|&#8221; custom_css_blurb_image=&#8221;margin: 0 -14px 7px;&#8221; custom_css_blurb_title=&#8221;margin-bottom: 14px;&#8221; custom_css_blurb_content=&#8221;margin: 0 14px;&#8221; url_new_window=&#8221;off&#8221; use_icon=&#8221;off&#8221; use_circle=&#8221;off&#8221; use_circle_border=&#8221;off&#8221; icon_placement=&#8221;top&#8221; use_icon_font_size=&#8221;off&#8221; background_layout=&#8221;light&#8221; border_style=&#8221;solid&#8221;]<\/p>\n<p>Nazik, samimi, tarafs\u0131z ve ahlaka uygun \u201dkatma de\u011fer de\u011ferlendirmesi\u201d itibarl\u0131 bir kay\u0131t sunmak i\u00e7in, m\u00fc\u015fteri kurulu\u015flar\u0131n\u0131n d\u00fcr\u00fcstl\u00fckle uluslararas\u0131 \u00f6l\u00e7\u00fctleri kar\u015f\u0131lamas\u0131na yard\u0131mc\u0131 olurken idari ve i\u015fletme uygulamalar\u0131n\u0131 g\u00fc\u00e7lendiriyoruz.\u00a0 &#8220;&#8230;.<\/p>\n<p>[\/et_pb_blurb][\/et_pb_column][et_pb_column type=&#8221;1_3&#8243;][et_pb_blurb admin_label=&#8221;Responsibility Blurb&#8221; title=&#8221;sorumluluk&#8221; icon_color=&#8221;#2ea3f2&#8243; image=&#8221;http:\/\/brsmena.com\/wp-content\/uploads\/sites\/4\/2017\/07\/responsibility.jpg&#8221; alt=&#8221;Responsibility&#8221; animation=&#8221;off&#8221; text_orientation=&#8221;center&#8221; _builder_version=&#8221;3.0.61&#8243; header_font=&#8221;Roboto||||&#8221; header_font_size=&#8221;24&#8243; header_text_color=&#8221;#3266cb&#8221; body_font=&#8221;Roboto Condensed||||&#8221; body_line_height=&#8221;2em&#8221; background_size=&#8221;initial&#8221; background_position=&#8221;top_left&#8221; background_repeat=&#8221;repeat&#8221; use_border_color=&#8221;on&#8221; border_color=&#8221;#c9c8cd&#8221; custom_padding=&#8221;||20px|&#8221; custom_css_blurb_image=&#8221;margin: 0 -14px 7px;&#8221; custom_css_blurb_title=&#8221;margin-bottom: 14px;&#8221; custom_css_blurb_content=&#8221;margin: 0 14px;&#8221; url_new_window=&#8221;off&#8221; use_icon=&#8221;off&#8221; use_circle=&#8221;off&#8221; use_circle_border=&#8221;off&#8221; icon_placement=&#8221;top&#8221; use_icon_font_size=&#8221;off&#8221; background_layout=&#8221;light&#8221; border_style=&#8221;solid&#8221;]<\/p>\n<p>Temsilciliklerin kararlar\u0131n\u0131 ve \u015eUBELER B\u0130RL\u0130\u011e\u0130 y\u00f6netiminde (ve ba\u015fkalar\u0131na, payda\u015flara) duyurmaktan sorumlu olan Y\u00f6netim \u015eefleri arac\u0131l\u0131\u011f\u0131yla \u015fube ofisleri sorumludur.,&#8230;<\/p>\n<p>[\/et_pb_blurb][\/et_pb_column][et_pb_column type=&#8221;1_3&#8243;][et_pb_blurb admin_label=&#8221;Structure Blurb&#8221; title=&#8221;yap\u0131&#8221; icon_color=&#8221;#2ea3f2&#8243; image=&#8221;http:\/\/brsmena.com\/wp-content\/uploads\/sites\/4\/2017\/07\/structure.jpg&#8221; alt=&#8221;Structure&#8221; animation=&#8221;off&#8221; text_orientation=&#8221;center&#8221; _builder_version=&#8221;3.0.61&#8243; header_font=&#8221;Roboto||||&#8221; header_font_size=&#8221;24&#8243; header_text_color=&#8221;#3266cb&#8221; body_font=&#8221;Roboto Condensed||||&#8221; body_line_height=&#8221;2em&#8221; background_size=&#8221;initial&#8221; background_position=&#8221;top_left&#8221; background_repeat=&#8221;repeat&#8221; use_border_color=&#8221;on&#8221; border_color=&#8221;#c9c8cd&#8221; custom_padding=&#8221;||20px|&#8221; custom_css_blurb_image=&#8221;margin: 0 -14px 7px;&#8221; custom_css_blurb_title=&#8221;margin-bottom: 14px;&#8221; custom_css_blurb_content=&#8221;margin: 0 14px;&#8221; url_new_window=&#8221;off&#8221; use_icon=&#8221;off&#8221; use_circle=&#8221;off&#8221; use_circle_border=&#8221;off&#8221; icon_placement=&#8221;top&#8221; use_icon_font_size=&#8221;off&#8221; background_layout=&#8221;light&#8221; border_style=&#8221;solid&#8221;]<\/p>\n<div id=\"content\">\n<div id=\"feature\">\n<div class=\"small-post last\">\n<p>D\u00fcnya b\u00f6lgelerinde faaliyet g\u00f6sterdi\u011fimiz s\u00fcrece organizasyon yap\u0131s\u0131, akreditasyon i\u00e7in gerek duyulan gerekliliklerle tutarl\u0131 bir \u015fekilde operasyonlar y\u00fcr\u00fctmek suretiyle belgelendirme kay\u0131t faaliyetleri i\u00e7in beklentileri kar\u015f\u0131lar&#8230;.<\/p>\n<\/div>\n<\/div>\n<\/div>\n<p>[\/et_pb_blurb][\/et_pb_column][\/et_pb_row][\/et_pb_section]<\/p>\n","protected":false},"excerpt":{"rendered":"<p>[et_pb_section bb_built=&#8221;1&#8243; inner_shadow=&#8221;on&#8221; custom_padding=&#8221;383px|||&#8221; custom_padding_tablet=&#8221;0px|||&#8221; disabled_on=&#8221;off||&#8221; module_id=&#8221;home_intro&#8221; custom_padding_last_edited=&#8221;on|desktop&#8221; _builder_version=&#8221;3.0.61&#8243; use_background_color_gradient=&#8221;on&#8221; background_color_gradient_start=&#8221;#ffffff&#8221; background_color_gradient_end=&#8221;rgba(21,64,148,0.17)&#8221; background_image=&#8221;http:\/\/brsmena.com\/tr\/wp-content\/uploads\/sites\/4\/2017\/07\/O730000-2.jpg&#8221; background_size=&#8221;contain&#8221; background_position=&#8221;top_center&#8221;][et_pb_row _builder_version=&#8221;3.0.61&#8243;][et_pb_column type=&#8221;1_3&#8243;][et_pb_button button_url=&#8221;http:\/\/brsmena.com\/tr\/training&#8221; button_text=&#8221;E\u011fitim&#8221; button_alignment=&#8221;center&#8221; background_layout=&#8221;dark&#8221; _builder_version=&#8221;3.0.61&#8243; custom_button=&#8221;on&#8221; button_text_color=&#8221;#ffffff&#8221; button_bg_color=&#8221;#154094&#8243; button_border_width=&#8221;0px&#8221; button_border_radius=&#8221;0px&#8221; button_icon=&#8221;%%32%%&#8221; button_bg_color_hover=&#8221;#000a44&#8243; button_border_radius_hover=&#8221;0px&#8221; custom_css_main_element=&#8221;width: 100%;||line-height: 80px !important;&#8221; custom_css_after=&#8221;line-height: 80px !important;&#8221; background_color=&#8221;#7EBEC5&#8243; url_new_window=&#8221;off&#8221; button_letter_spacing=&#8221;0&#8243; button_icon_placement=&#8221;right&#8221; button_letter_spacing_hover=&#8221;0&#8243; \/][\/et_pb_column][et_pb_column type=&#8221;1_3&#8243;][et_pb_button button_url=&#8221;http:\/\/brsmena.com\/tr\/energy&#8221; button_text=&#8221;Enerji &#8221; button_alignment=&#8221;center&#8221; background_layout=&#8221;dark&#8221; _builder_version=&#8221;3.0.61&#8243; custom_button=&#8221;on&#8221; button_text_color=&#8221;#ffffff&#8221; button_bg_color=&#8221;#154094&#8243; button_border_width=&#8221;0px&#8221; button_border_radius=&#8221;0px&#8221; [&hellip;]<\/p>\n","protected":false},"author":1,"featured_media":0,"parent":0,"menu_order":0,"comment_status":"closed","ping_status":"closed","template":"","meta":[],"_links":{"self":[{"href":"https:\/\/brsmena.com\/tr\/wp-json\/wp\/v2\/pages\/38"}],"collection":[{"href":"https:\/\/brsmena.com\/tr\/wp-json\/wp\/v2\/pages"}],"about":[{"href":"https:\/\/brsmena.com\/tr\/wp-json\/wp\/v2\/types\/page"}],"author":[{"embeddable":true,"href":"https:\/\/brsmena.com\/tr\/wp-json\/wp\/v2\/users\/1"}],"replies":[{"embeddable":true,"href":"https:\/\/brsmena.com\/tr\/wp-json\/wp\/v2\/comments?post=38"}],"version-history":[{"count":5,"href":"https:\/\/brsmena.com\/tr\/wp-json\/wp\/v2\/pages\/38\/revisions"}],"predecessor-version":[{"id":9828,"href":"https:\/\/brsmena.com\/tr\/wp-json\/wp\/v2\/pages\/38\/revisions\/9828"}],"wp:attachment":[{"href":"https:\/\/brsmena.com\/tr\/wp-json\/wp\/v2\/media?parent=38"}],"curies":[{"name":"wp","href":"https:\/\/api.w.org\/{rel}","templated":true}]}}