{"id":9586,"date":"2017-07-28T11:31:11","date_gmt":"2017-07-28T11:31:11","guid":{"rendered":"http:\/\/brsmena.com\/turkish\/?page_id=9586"},"modified":"2017-08-02T08:48:35","modified_gmt":"2017-08-02T08:48:35","slug":"contact-office-in-netherlands","status":"publish","type":"page","link":"https:\/\/brsmena.com\/tr\/contact-us\/contact-office-in-netherlands","title":{"rendered":"HOLLANDA \u0130LET\u0130\u015e\u0130M OF\u0130S\u0130:"},"content":{"rendered":"<p>[et_pb_section bb_built=&#8221;1&#8243; _builder_version=&#8221;3.0.47&#8243;][et_pb_row _builder_version=&#8221;3.0.47&#8243; background_size=&#8221;initial&#8221; background_position=&#8221;top_left&#8221; background_repeat=&#8221;repeat&#8221;][et_pb_column type=&#8221;2_3&#8243;][et_pb_post_title meta=&#8221;off&#8221; featured_image=&#8221;off&#8221; _builder_version=&#8221;3.0.61&#8243; \/][et_pb_text _builder_version=&#8221;3.0.61&#8243; background_layout=&#8221;light&#8221; text_orientation=&#8221;left&#8221; border_style=&#8221;solid&#8221;]<\/p>\n<p style=\"text-align: left\"><b><strong>\u0130leti\u015fim: Mo Taklim<\/strong><\/b><\/p>\n<p>Adres: Jan Willem Frisostraat 14<br \/>\nPosta Kodu: 2628 TN Delft<br \/>\nTelefon: +31646881082<br \/>\nE -Posta: <a href=\"mailto:netherlands@brsmena.com\">netherlands@brsmena.com\u00a0<\/a><\/p>\n<p>[\/et_pb_text][et_pb_button button_url=&#8221;http:\/\/brsmena.com\/tr\/contact-us&#8221; button_text=&#8221;Geri&#8221; _builder_version=&#8221;3.0.61&#8243; background_color=&#8221;#7EBEC5&#8243; custom_button=&#8221;on&#8221; button_bg_color=&#8221;#154094&#8243; button_text_size=&#8221;14px&#8221; button_text_color=&#8221;#ffffff&#8221; button_border_width=&#8221;0px&#8221; button_border_radius=&#8221;0px&#8221; button_use_icon=&#8221;on&#8221; button_icon=&#8221;%%19%%&#8221; button_icon_placement=&#8221;left&#8221; button_border_radius_hover=&#8221;0px&#8221; button_font=&#8221;|on|||&#8221; url_new_window=&#8221;off&#8221; button_alignment=&#8221;left&#8221; background_layout=&#8221;light&#8221; button_letter_spacing=&#8221;0&#8243; button_letter_spacing_hover=&#8221;0&#8243; \/][\/et_pb_column][et_pb_column type=&#8221;1_3&#8243;][et_pb_sidebar area=&#8221;sidebar-1&#8243; _builder_version=&#8221;3.0.61&#8243; \/][\/et_pb_column][\/et_pb_row][\/et_pb_section]<\/p>\n","protected":false},"excerpt":{"rendered":"<p>[et_pb_section bb_built=&#8221;1&#8243; _builder_version=&#8221;3.0.47&#8243;][et_pb_row _builder_version=&#8221;3.0.47&#8243; background_size=&#8221;initial&#8221; background_position=&#8221;top_left&#8221; background_repeat=&#8221;repeat&#8221;][et_pb_column type=&#8221;2_3&#8243;][et_pb_post_title meta=&#8221;off&#8221; featured_image=&#8221;off&#8221; _builder_version=&#8221;3.0.61&#8243; \/][et_pb_text _builder_version=&#8221;3.0.61&#8243; background_layout=&#8221;light&#8221; text_orientation=&#8221;left&#8221; border_style=&#8221;solid&#8221;] \u0130leti\u015fim: Mo Taklim Adres: Jan Willem Frisostraat 14 Posta Kodu: 2628 TN Delft Telefon: +31646881082 E -Posta: netherlands@brsmena.com\u00a0 [\/et_pb_text][et_pb_button button_url=&#8221;http:\/\/brsmena.com\/tr\/contact-us&#8221; button_text=&#8221;Geri&#8221; _builder_version=&#8221;3.0.61&#8243; background_color=&#8221;#7EBEC5&#8243; custom_button=&#8221;on&#8221; button_bg_color=&#8221;#154094&#8243; button_text_size=&#8221;14px&#8221; button_text_color=&#8221;#ffffff&#8221; button_border_width=&#8221;0px&#8221; button_border_radius=&#8221;0px&#8221; button_use_icon=&#8221;on&#8221; button_icon=&#8221;%%19%%&#8221; button_icon_placement=&#8221;left&#8221; button_border_radius_hover=&#8221;0px&#8221; button_font=&#8221;|on|||&#8221; url_new_window=&#8221;off&#8221; button_alignment=&#8221;left&#8221; background_layout=&#8221;light&#8221; button_letter_spacing=&#8221;0&#8243; button_letter_spacing_hover=&#8221;0&#8243; [&hellip;]<\/p>\n","protected":false},"author":1,"featured_media":0,"parent":155,"menu_order":0,"comment_status":"closed","ping_status":"closed","template":"","meta":[],"_links":{"self":[{"href":"https:\/\/brsmena.com\/tr\/wp-json\/wp\/v2\/pages\/9586"}],"collection":[{"href":"https:\/\/brsmena.com\/tr\/wp-json\/wp\/v2\/pages"}],"about":[{"href":"https:\/\/brsmena.com\/tr\/wp-json\/wp\/v2\/types\/page"}],"author":[{"embeddable":true,"href":"https:\/\/brsmena.com\/tr\/wp-json\/wp\/v2\/users\/1"}],"replies":[{"embeddable":true,"href":"https:\/\/brsmena.com\/tr\/wp-json\/wp\/v2\/comments?post=9586"}],"version-history":[{"count":0,"href":"https:\/\/brsmena.com\/tr\/wp-json\/wp\/v2\/pages\/9586\/revisions"}],"up":[{"embeddable":true,"href":"https:\/\/brsmena.com\/tr\/wp-json\/wp\/v2\/pages\/155"}],"wp:attachment":[{"href":"https:\/\/brsmena.com\/tr\/wp-json\/wp\/v2\/media?parent=9586"}],"curies":[{"name":"wp","href":"https:\/\/api.w.org\/{rel}","templated":true}]}}