{"id":9619,"date":"2017-07-30T17:51:19","date_gmt":"2017-07-30T17:51:19","guid":{"rendered":"http:\/\/brsmena.com\/turkish\/?page_id=9619"},"modified":"2017-08-02T04:53:52","modified_gmt":"2017-08-02T04:53:52","slug":"training","status":"publish","type":"page","link":"https:\/\/brsmena.com\/tr\/training","title":{"rendered":"E\u011fitim"},"content":{"rendered":"<p><strong>E\u011fitim<\/strong><\/p>\n<p>E\u011fitim kurslar\u0131m\u0131z, organizasyonlar\u0131n i\u015fi geli\u015ftirmeyi s\u00fcrd\u00fcr\u00fclebilmesi ve bireylerin y\u00f6netim sistemi ilkelerine odaklanan ki\u015fisel yetkinlik ve becerileri geli\u015ftirmesine yard\u0131mc\u0131 olmak i\u00e7in haz\u0131rlanm\u0131\u015ft\u0131r. Buna ek olarak, t\u00fcm s\u0131n\u0131flar kendi tesisinizde veya se\u00e7ti\u011finiz belirli bir yerde \u00f6zel veya ba\u011f\u0131ms\u0131z olarak veya sahada d\u00fczenlenebilir. Kurulu\u015funuz benzersizdir, bu nedenle size uygun bir dizi e\u011fitim se\u00e7enekleri sunuyoruz. Sunumlar\u0131n, tart\u0131\u015fmalar\u0131n ve vaka analizi (at\u00f6lye \u00e7al\u0131\u015fmas\u0131) kombinasyonu, mesleki kariyerinizde kullan\u0131lmak \u00fczere bir anlay\u0131\u015f ve kal\u0131c\u0131 beceri geli\u015ftirmenize yard\u0131mc\u0131 olmak i\u00e7in tasarlanm\u0131\u015ft\u0131r.<\/p>\n<p>BRS e\u011fitim hizmetleri alanlar\u0131 \u015funlard\u0131r:<\/p>\n<p><strong>Haz\u0131rl\u0131k kurslar\u0131:<\/strong><\/p>\n<p>Bu dersler, bir y\u00f6netim sisteminin genel bir anlay\u0131\u015f\u0131n\u0131, ilke ve esaslar\u0131n\u0131, bir Kalite Y\u00f6netim Sisteminin ne oldu\u011funu ve bir i\u015fletmeye nas\u0131l yard\u0131mc\u0131 olabilece\u011fini \u00f6\u011fretir.<\/p>\n<p><strong>\u0130\u00e7 denet\u00e7i kurslar\u0131<\/strong><\/p>\n<p>Bu kurslar, bir y\u00f6netim sisteminin bir b\u00f6l\u00fcm\u00fcn\u00fcn i\u00e7 denetimi yapabilmenizi ve etkin bir \u015fekilde uygulanmas\u0131n\u0131 ve bak\u0131m\u0131n\u0131 yapman\u0131z\u0131 sa\u011flayacak beceri temelli e\u011fitim sunacakt\u0131r.<\/p>\n<p><strong>Ba\u015f denet\u00e7i kurslar\u0131<\/strong><\/p>\n<p>Bu kurslar, eksiksiz y\u00f6netim sistemlerinin birinci, ikinci ve \u00fc\u00e7\u00fcnc\u00fc parti denetimlerini ger\u00e7ekle\u015ftirmek ve bir standartla uygunlu\u011fu de\u011ferlendirmek i\u00e7in bilgi ve becerilerinizi geli\u015ftirmenize olanak tan\u0131r. Sertifikal\u0131 lider denet\u00e7i atamas\u0131, sertifikasyon kurulu\u015flar\u0131 i\u00e7in \u00e7al\u0131\u015fan veya b\u00fcy\u00fck kurulu\u015flar i\u00e7in tedarik\u00e7i denetimleri yapan denetim ekibi liderleri i\u00e7in profesyonel bir sertifikad\u0131r.<\/p>\n<p>Sorular\u0131n\u0131z ile bizimle ileti\u015fime ge\u00e7mekten \u00e7ekinmeyin, sizden haber bekliyoruz.<\/p>\n<p><a href=\"http:\/\/www.brsacademy.com\/\" target=\"_blank\" rel=\"noopener\">BRS Academy<\/a><\/p>\n<p><a href=\"http:\/\/www.brsinstitute.org\/\" target=\"_blank\" rel=\"noopener\">BRSInstitute<\/a><\/p>\n","protected":false},"excerpt":{"rendered":"<p>E\u011fitim E\u011fitim kurslar\u0131m\u0131z, organizasyonlar\u0131n i\u015fi geli\u015ftirmeyi s\u00fcrd\u00fcr\u00fclebilmesi ve bireylerin y\u00f6netim sistemi ilkelerine odaklanan ki\u015fisel yetkinlik ve becerileri geli\u015ftirmesine yard\u0131mc\u0131 olmak i\u00e7in haz\u0131rlanm\u0131\u015ft\u0131r. Buna ek olarak, t\u00fcm s\u0131n\u0131flar kendi tesisinizde veya se\u00e7ti\u011finiz belirli bir yerde \u00f6zel veya ba\u011f\u0131ms\u0131z olarak veya sahada d\u00fczenlenebilir. Kurulu\u015funuz benzersizdir, bu nedenle size uygun bir dizi e\u011fitim se\u00e7enekleri sunuyoruz. Sunumlar\u0131n, tart\u0131\u015fmalar\u0131n ve [&hellip;]<\/p>\n","protected":false},"author":1,"featured_media":0,"parent":0,"menu_order":0,"comment_status":"closed","ping_status":"closed","template":"","meta":[],"_links":{"self":[{"href":"https:\/\/brsmena.com\/tr\/wp-json\/wp\/v2\/pages\/9619"}],"collection":[{"href":"https:\/\/brsmena.com\/tr\/wp-json\/wp\/v2\/pages"}],"about":[{"href":"https:\/\/brsmena.com\/tr\/wp-json\/wp\/v2\/types\/page"}],"author":[{"embeddable":true,"href":"https:\/\/brsmena.com\/tr\/wp-json\/wp\/v2\/users\/1"}],"replies":[{"embeddable":true,"href":"https:\/\/brsmena.com\/tr\/wp-json\/wp\/v2\/comments?post=9619"}],"version-history":[{"count":0,"href":"https:\/\/brsmena.com\/tr\/wp-json\/wp\/v2\/pages\/9619\/revisions"}],"wp:attachment":[{"href":"https:\/\/brsmena.com\/tr\/wp-json\/wp\/v2\/media?parent=9619"}],"curies":[{"name":"wp","href":"https:\/\/api.w.org\/{rel}","templated":true}]}}