{"id":9621,"date":"2017-07-30T17:52:08","date_gmt":"2017-07-30T17:52:08","guid":{"rendered":"http:\/\/brsmena.com\/turkish\/?page_id=9621"},"modified":"2017-08-02T06:27:26","modified_gmt":"2017-08-02T06:27:26","slug":"energy","status":"publish","type":"page","link":"https:\/\/brsmena.com\/tr\/energy","title":{"rendered":"Enerji"},"content":{"rendered":"<p><strong>Enerji <\/strong><\/p>\n<p>Pahal\u0131 enerji maliyetlerini d\u00fc\u015f\u00fcrme ve s\u00fcrd\u00fcr\u00fclebilir bir gelece\u011fe do\u011fru ilerleme talebi enerji denetimlerini \u00f6nemli hale getirdi\u011finden, son birka\u00e7 y\u0131lda end\u00fcstriyel enerji denetimleri giderek art\u0131yor. Enerji end\u00fcstrisi \u00e7ok y\u00f6nl\u00fc ve \u00e7e\u015fitlidir, \u00e7ok \u00e7e\u015fitli disiplinler ve s\u00fcre\u00e7ler i\u00e7erir.<\/p>\n<p>A\u015fa\u011f\u0131daki alanlarda nitelikli uzmanlar\u0131m\u0131z var.<\/p>\n<p><strong>PETROL END\u00dcSTR\u0130S\u0130<\/strong><\/p>\n<p>Petrol \u015firketlerine, t\u00fcccarlara, petrol rafinerilerine, ba\u011f\u0131ms\u0131z depolama operat\u00f6rlerine, boru hatt\u0131 \u015firketlerine, toptanc\u0131 bayilere, yak\u0131t nakliyecilerine ve benzin istasyonlar\u0131ndaki son kullan\u0131c\u0131 sat\u0131\u015flar\u0131na yard\u0131mc\u0131 oluyoruz. Ba\u011f\u0131ms\u0131z Denetim Kurulu\u015flar\u0131m\u0131z, yak\u0131t kalitesinden stok seviyesine kadar her \u015feyi do\u011frulamakta ve onaylamaktad\u0131r.<\/p>\n<p><strong>GAZ END\u00dcSTR\u0130S\u0130<\/strong><\/p>\n<p>Do\u011fal gaz \u00e7\u0131karma ve k\u00f6m\u00fcr gaz\u0131 imalat\u0131, da\u011f\u0131t\u0131m\u0131 ve sat\u0131\u015f\u0131 ile u\u011fra\u015f\u0131yorsan\u0131z, Denetim hizmetlerimiz size fayda sa\u011flayacakt\u0131r.<\/p>\n<p><strong>ELEKTR\u0130K G\u00dcC\u00dc END\u00dcSTR\u0130S\u0130<\/strong><\/p>\n<p>Elektrik \u00fcretimi, elektrik da\u011f\u0131t\u0131m\u0131 ve sat\u0131\u015f karma\u015f\u0131k olabilir- bu nedenle BRS denet\u00e7ilerinin size yard\u0131m etmesine izin verin.<\/p>\n<p><strong>K\u00d6M\u00dcR END\u00dcSTR\u0130S\u0130<\/strong><\/p>\n<p>Arama faaliyetlerinde faydal\u0131 \u00f6mr\u00fcn\u00fcn sonuna gelmi\u015f bir madenin hizmetten al\u0131nmas\u0131na kadar, BRS, Denetim hizmetleri y\u00fcr\u00fct\u00fcr.<\/p>\n<p><strong>YEN\u0130LENEB\u0130L\u0130R ENERJ\u0130 END\u00dcSTR\u0130S\u0130<\/strong><\/p>\n<p>Yenilenebilir enerji d\u00fcnyadaki en s\u0131cak konulardan biridir. Alternatif enerji ve hidroelektrik, r\u00fczg\u00e2r enerjisi, g\u00fcne\u015f enerjisi \u00fcretimi ve alternatif yak\u0131tlar\u0131n \u00fcretimi, da\u011f\u0131t\u0131m\u0131 ve sat\u0131\u015f\u0131 da dahil olmak \u00fczere do\u011frulanabilir enerji \u015firketlerini kapsar.<\/p>\n<p>Enerji ile ilgili t\u00fcm denetim hizmetlerimiz tek ba\u015f\u0131na kullan\u0131labilir veya mevcut \u00e7al\u0131\u015fma s\u00fcre\u00e7lerinizi ve y\u00f6ntemlerinizi zenginle\u015ftirebilir.<\/p>\n<p>Size kendi \u00e7al\u0131\u015fma \u00e7izginizde yard\u0131mc\u0131 olabilece\u011fimizi \u00f6\u011frenmek i\u00e7in bug\u00fcn bize ula\u015f\u0131n.<\/p>\n","protected":false},"excerpt":{"rendered":"<p>Enerji Pahal\u0131 enerji maliyetlerini d\u00fc\u015f\u00fcrme ve s\u00fcrd\u00fcr\u00fclebilir bir gelece\u011fe do\u011fru ilerleme talebi enerji denetimlerini \u00f6nemli hale getirdi\u011finden, son birka\u00e7 y\u0131lda end\u00fcstriyel enerji denetimleri giderek art\u0131yor. Enerji end\u00fcstrisi \u00e7ok y\u00f6nl\u00fc ve \u00e7e\u015fitlidir, \u00e7ok \u00e7e\u015fitli disiplinler ve s\u00fcre\u00e7ler i\u00e7erir. A\u015fa\u011f\u0131daki alanlarda nitelikli uzmanlar\u0131m\u0131z var. PETROL END\u00dcSTR\u0130S\u0130 Petrol \u015firketlerine, t\u00fcccarlara, petrol rafinerilerine, ba\u011f\u0131ms\u0131z depolama operat\u00f6rlerine, boru hatt\u0131 \u015firketlerine, [&hellip;]<\/p>\n","protected":false},"author":1,"featured_media":0,"parent":0,"menu_order":0,"comment_status":"closed","ping_status":"closed","template":"","meta":[],"_links":{"self":[{"href":"https:\/\/brsmena.com\/tr\/wp-json\/wp\/v2\/pages\/9621"}],"collection":[{"href":"https:\/\/brsmena.com\/tr\/wp-json\/wp\/v2\/pages"}],"about":[{"href":"https:\/\/brsmena.com\/tr\/wp-json\/wp\/v2\/types\/page"}],"author":[{"embeddable":true,"href":"https:\/\/brsmena.com\/tr\/wp-json\/wp\/v2\/users\/1"}],"replies":[{"embeddable":true,"href":"https:\/\/brsmena.com\/tr\/wp-json\/wp\/v2\/comments?post=9621"}],"version-history":[{"count":0,"href":"https:\/\/brsmena.com\/tr\/wp-json\/wp\/v2\/pages\/9621\/revisions"}],"wp:attachment":[{"href":"https:\/\/brsmena.com\/tr\/wp-json\/wp\/v2\/media?parent=9621"}],"curies":[{"name":"wp","href":"https:\/\/api.w.org\/{rel}","templated":true}]}}