{"id":9623,"date":"2017-07-30T17:52:46","date_gmt":"2017-07-30T17:52:46","guid":{"rendered":"http:\/\/brsmena.com\/turkish\/?page_id=9623"},"modified":"2017-08-02T10:19:25","modified_gmt":"2017-08-02T10:19:25","slug":"safety-management-system","status":"publish","type":"page","link":"https:\/\/brsmena.com\/tr\/safety-management-system","title":{"rendered":"G\u00fcvenlik y\u00f6netim sistemi"},"content":{"rendered":"<p>Denet\u00e7iler, sa\u011fl\u0131k, g\u00fcvenlik ve \u00e7evre y\u00f6netim sistemleri alan\u0131nda nitelikli ve deneyimlidir ve raporlar\u0131n\u0131n tamam\u0131, m\u00fcvekkillere ve m\u00fc\u015fterilere verilmeden \u00f6nce resmen do\u011frulan\u0131r. Bu, organizasyonun g\u00fcncel durumunun analiz edilmesine ve tavsiyenin organizasyonun geli\u015ftirilmesine yol a\u00e7mas\u0131 i\u00e7in \u00f6nemli bir sonu\u00e7 do\u011furabilir. Buna ek olarak, at\u00f6lye \u00e7al\u0131\u015fmalar\u0131 ve e\u011fitim kurslar\u0131 d\u00fczenleyerek bilgiyi olumlu bir sa\u011fl\u0131k ve g\u00fcvenlik k\u00fclt\u00fcr\u00fcne aktar\u0131rlar. Sa\u011fl\u0131k, g\u00fcvenlik ve \u00e7evre y\u00f6netim sistemlerinin standard\u0131na sahip olmak a\u015fa\u011f\u0131daki a\u00e7\u0131k faydalar\u0131 beraberinde getirir:<\/p>\n<ul>\n<li>Kurulu\u015f maliyetlerinin azalt\u0131lmas\u0131<\/li>\n<li>Sigorta ve y\u00fck\u00fcml\u00fcl\u00fck maliyetlerinin d\u00fc\u015f\u00fcr\u00fclmesi<\/li>\n<li>\u00c7al\u0131\u015fanlara i\u015f memnuniyeti duygusu verme<\/li>\n<li>Kurulu\u015fu denkleri aras\u0131nda se\u00e7kin hale getirmek<\/li>\n<li>Mevzuata uyumlulu\u011fu geli\u015ftirmek<\/li>\n<li>Geli\u015ftirilmi\u015f \u00e7al\u0131\u015fan performans\u0131<\/li>\n<li>Yaralanmalar ve hastal\u0131klardan maliyetlerin d\u00fc\u015f\u00fcr\u00fclmesi<\/li>\n<li>OSHA ve di\u011fer ilgili kurulu\u015flarla geli\u015ftirilmi\u015f ili\u015fkiler<\/li>\n<li>\u015eirket i\u00e7indeki daha iyi \u00e7al\u0131\u015fan ili\u015fkileri. G\u00fcvenlik konusunda herkes ayn\u0131 sayfada.<\/li>\n<\/ul>\n","protected":false},"excerpt":{"rendered":"<p>Denet\u00e7iler, sa\u011fl\u0131k, g\u00fcvenlik ve \u00e7evre y\u00f6netim sistemleri alan\u0131nda nitelikli ve deneyimlidir ve raporlar\u0131n\u0131n tamam\u0131, m\u00fcvekkillere ve m\u00fc\u015fterilere verilmeden \u00f6nce resmen do\u011frulan\u0131r. Bu, organizasyonun g\u00fcncel durumunun analiz edilmesine ve tavsiyenin organizasyonun geli\u015ftirilmesine yol a\u00e7mas\u0131 i\u00e7in \u00f6nemli bir sonu\u00e7 do\u011furabilir. Buna ek olarak, at\u00f6lye \u00e7al\u0131\u015fmalar\u0131 ve e\u011fitim kurslar\u0131 d\u00fczenleyerek bilgiyi olumlu bir sa\u011fl\u0131k ve g\u00fcvenlik k\u00fclt\u00fcr\u00fcne aktar\u0131rlar. [&hellip;]<\/p>\n","protected":false},"author":1,"featured_media":0,"parent":0,"menu_order":0,"comment_status":"closed","ping_status":"closed","template":"","meta":[],"_links":{"self":[{"href":"https:\/\/brsmena.com\/tr\/wp-json\/wp\/v2\/pages\/9623"}],"collection":[{"href":"https:\/\/brsmena.com\/tr\/wp-json\/wp\/v2\/pages"}],"about":[{"href":"https:\/\/brsmena.com\/tr\/wp-json\/wp\/v2\/types\/page"}],"author":[{"embeddable":true,"href":"https:\/\/brsmena.com\/tr\/wp-json\/wp\/v2\/users\/1"}],"replies":[{"embeddable":true,"href":"https:\/\/brsmena.com\/tr\/wp-json\/wp\/v2\/comments?post=9623"}],"version-history":[{"count":0,"href":"https:\/\/brsmena.com\/tr\/wp-json\/wp\/v2\/pages\/9623\/revisions"}],"wp:attachment":[{"href":"https:\/\/brsmena.com\/tr\/wp-json\/wp\/v2\/media?parent=9623"}],"curies":[{"name":"wp","href":"https:\/\/api.w.org\/{rel}","templated":true}]}}