{"id":9625,"date":"2017-07-30T17:56:15","date_gmt":"2017-07-30T17:56:15","guid":{"rendered":"http:\/\/brsmena.com\/turkish\/?page_id=9625"},"modified":"2017-08-02T10:17:15","modified_gmt":"2017-08-02T10:17:15","slug":"service-provider","status":"publish","type":"page","link":"https:\/\/brsmena.com\/tr\/service-provider","title":{"rendered":"Servis sa\u011flay\u0131c\u0131"},"content":{"rendered":"<p>Kurulu\u015flara dan\u0131\u015fmanl\u0131k, yasal, gayrimenkul, e\u011fitim, ileti\u015fim, depolama, i\u015fleme ve di\u011fer bir dizi faaliyetle yard\u0131mc\u0131 olan bir servis sa\u011flay\u0131c\u0131s\u0131n\u0131z?<\/p>\n<p>Siz kim olursan\u0131z olun, i\u015finiz ne olursa olsun, denet\u00e7ilerimiz hizmetlerimizi en iyi hale getirmek i\u00e7in mesleki denetim yaparak size hizmet edecektir. Son birka\u00e7 y\u0131ld\u0131r hizmet sa\u011flay\u0131c\u0131 say\u0131s\u0131 giderek artmaktad\u0131r \u00f6rne\u011fin:<\/p>\n<ul>\n<li>Uygulama hizmeti sa\u011flay\u0131c\u0131s\u0131 (ASP)<\/li>\n<li>\u015eebeke hizmeti sa\u011flay\u0131c\u0131s\u0131 (NSP)<\/li>\n<li>\u0130nternet hizmeti sa\u011flay\u0131c\u0131 (ISS)<\/li>\n<li>\u0130\u015fletme hizmeti sa\u011flay\u0131c\u0131 (MSP)<\/li>\n<li>Depolama hizmeti sa\u011flay\u0131c\u0131s\u0131 (SSP)<\/li>\n<li>Haberle\u015fme hizmeti sa\u011flay\u0131c\u0131s\u0131 (TSP)<\/li>\n<li>SAML hizmeti sa\u011flay\u0131c\u0131<\/li>\n<li>Ana i\u015fletme hizmeti sa\u011flay\u0131c\u0131 (MMSP)<\/li>\n<li>\u0130\u015fletme \u0130nternet hizmeti sa\u011flay\u0131c\u0131s\u0131 (MISP)<\/li>\n<li>Online hizmet sa\u011flay\u0131c\u0131<\/li>\n<li>\u00d6deme hizmeti sa\u011flay\u0131c\u0131s\u0131 (PSP)<\/li>\n<li>E\u011fitim hizmeti sa\u011flay\u0131c\u0131s\u0131<\/li>\n<\/ul>\n<p>Kalite sistemi y\u00f6netimini geli\u015ftirmek i\u00e7in \u00e7al\u0131\u015fmalar\u0131n\u0131 denetlemek i\u00e7in BRS hizmetlerini kullan\u0131yorlar.<\/p>\n<p>Daha fazla bilgi i\u00e7in l\u00fctfen bizimle ileti\u015fime ge\u00e7mekten \u00e7ekinmeyin.<\/p>\n","protected":false},"excerpt":{"rendered":"<p>Kurulu\u015flara dan\u0131\u015fmanl\u0131k, yasal, gayrimenkul, e\u011fitim, ileti\u015fim, depolama, i\u015fleme ve di\u011fer bir dizi faaliyetle yard\u0131mc\u0131 olan bir servis sa\u011flay\u0131c\u0131s\u0131n\u0131z? Siz kim olursan\u0131z olun, i\u015finiz ne olursa olsun, denet\u00e7ilerimiz hizmetlerimizi en iyi hale getirmek i\u00e7in mesleki denetim yaparak size hizmet edecektir. Son birka\u00e7 y\u0131ld\u0131r hizmet sa\u011flay\u0131c\u0131 say\u0131s\u0131 giderek artmaktad\u0131r \u00f6rne\u011fin: Uygulama hizmeti sa\u011flay\u0131c\u0131s\u0131 (ASP) \u015eebeke hizmeti sa\u011flay\u0131c\u0131s\u0131 [&hellip;]<\/p>\n","protected":false},"author":1,"featured_media":0,"parent":0,"menu_order":0,"comment_status":"closed","ping_status":"closed","template":"","meta":[],"_links":{"self":[{"href":"https:\/\/brsmena.com\/tr\/wp-json\/wp\/v2\/pages\/9625"}],"collection":[{"href":"https:\/\/brsmena.com\/tr\/wp-json\/wp\/v2\/pages"}],"about":[{"href":"https:\/\/brsmena.com\/tr\/wp-json\/wp\/v2\/types\/page"}],"author":[{"embeddable":true,"href":"https:\/\/brsmena.com\/tr\/wp-json\/wp\/v2\/users\/1"}],"replies":[{"embeddable":true,"href":"https:\/\/brsmena.com\/tr\/wp-json\/wp\/v2\/comments?post=9625"}],"version-history":[{"count":0,"href":"https:\/\/brsmena.com\/tr\/wp-json\/wp\/v2\/pages\/9625\/revisions"}],"wp:attachment":[{"href":"https:\/\/brsmena.com\/tr\/wp-json\/wp\/v2\/media?parent=9625"}],"curies":[{"name":"wp","href":"https:\/\/api.w.org\/{rel}","templated":true}]}}