{"id":9627,"date":"2017-07-30T17:56:48","date_gmt":"2017-07-30T17:56:48","guid":{"rendered":"http:\/\/brsmena.com\/turkish\/?page_id=9627"},"modified":"2017-08-02T09:22:25","modified_gmt":"2017-08-02T09:22:25","slug":"industry","status":"publish","type":"page","link":"https:\/\/brsmena.com\/tr\/industry","title":{"rendered":"End\u00fcstri"},"content":{"rendered":"<p>Uzman denetimi, sekt\u00f6r\u00fcn\u00fczdeki i\u015finizi g\u00fc\u00e7lendirmek i\u00e7in bir ara\u00e7 olarak kullan\u0131labilir, Uzmanlar\u0131m\u0131z, g\u00fcvenlik, kalite denetimleri sa\u011flar. Bilgimiz, b\u00fcy\u00fck \u015firketler, orta \u00f6l\u00e7ekli \u015firketler ve k\u00fc\u00e7\u00fck i\u015fletmelere fayda sa\u011flar. B\u00fcy\u00fck petrokimya tesisleri veya elektrik m\u00fchendisli\u011fi \u015firketleri i\u00e7in: \u00c7al\u0131\u015fanlar\u0131n\u0131z\u0131 ve \u00e7evreyi koruman\u0131za ve m\u00fc\u015fterilerinizi en iyi kalite denetimi programlar\u0131 ile tatmin etmenize yard\u0131mc\u0131 olaca\u011f\u0131z. BRS&#8217;deki \u00f6nemli politika, denet\u00e7inin t\u00fcketici hakk\u0131na odaklanmas\u0131n\u0131 sa\u011flamakt\u0131r.<\/p>\n","protected":false},"excerpt":{"rendered":"<p>Uzman denetimi, sekt\u00f6r\u00fcn\u00fczdeki i\u015finizi g\u00fc\u00e7lendirmek i\u00e7in bir ara\u00e7 olarak kullan\u0131labilir, Uzmanlar\u0131m\u0131z, g\u00fcvenlik, kalite denetimleri sa\u011flar. Bilgimiz, b\u00fcy\u00fck \u015firketler, orta \u00f6l\u00e7ekli \u015firketler ve k\u00fc\u00e7\u00fck i\u015fletmelere fayda sa\u011flar. B\u00fcy\u00fck petrokimya tesisleri veya elektrik m\u00fchendisli\u011fi \u015firketleri i\u00e7in: \u00c7al\u0131\u015fanlar\u0131n\u0131z\u0131 ve \u00e7evreyi koruman\u0131za ve m\u00fc\u015fterilerinizi en iyi kalite denetimi programlar\u0131 ile tatmin etmenize yard\u0131mc\u0131 olaca\u011f\u0131z. BRS&#8217;deki \u00f6nemli politika, denet\u00e7inin t\u00fcketici [&hellip;]<\/p>\n","protected":false},"author":1,"featured_media":0,"parent":0,"menu_order":0,"comment_status":"closed","ping_status":"closed","template":"","meta":[],"_links":{"self":[{"href":"https:\/\/brsmena.com\/tr\/wp-json\/wp\/v2\/pages\/9627"}],"collection":[{"href":"https:\/\/brsmena.com\/tr\/wp-json\/wp\/v2\/pages"}],"about":[{"href":"https:\/\/brsmena.com\/tr\/wp-json\/wp\/v2\/types\/page"}],"author":[{"embeddable":true,"href":"https:\/\/brsmena.com\/tr\/wp-json\/wp\/v2\/users\/1"}],"replies":[{"embeddable":true,"href":"https:\/\/brsmena.com\/tr\/wp-json\/wp\/v2\/comments?post=9627"}],"version-history":[{"count":0,"href":"https:\/\/brsmena.com\/tr\/wp-json\/wp\/v2\/pages\/9627\/revisions"}],"wp:attachment":[{"href":"https:\/\/brsmena.com\/tr\/wp-json\/wp\/v2\/media?parent=9627"}],"curies":[{"name":"wp","href":"https:\/\/api.w.org\/{rel}","templated":true}]}}