{"id":9629,"date":"2017-07-30T17:57:35","date_gmt":"2017-07-30T17:57:35","guid":{"rendered":"http:\/\/brsmena.com\/turkish\/?page_id=9629"},"modified":"2017-08-02T09:23:19","modified_gmt":"2017-08-02T09:23:19","slug":"information-security","status":"publish","type":"page","link":"https:\/\/brsmena.com\/tr\/information-security","title":{"rendered":"Bilgi G\u00fcvenli\u011fi"},"content":{"rendered":"<p>Bir kurulu\u015f kurdu\u011funuzda, m\u00fc\u015fterilerin bilgilerinin gizlili\u011fini garanti etmeniz gerekir. Bir m\u00fc\u015fteri, kurulu\u015fun ISMS&#8217;i verdi\u011fini \u00f6\u011frenirse, bilgilerin g\u00fcvenli\u011fi konusunda emin olacakt\u0131r. ISMS, bir kurulu\u015fun bilgilerin g\u00fcvenli\u011fine yol a\u00e7acak eylemleri benimsedi\u011fini garanti eder. \u0130\u015f tehlikelerinin y\u00f6netimi m\u00fcmk\u00fcnd\u00fcr ve kurulu\u015fun ihtiya\u00e7lar\u0131na g\u00f6re \u00f6zelle\u015ftirilmi\u015f g\u00fcvenlik kontrollerinin uygulanmas\u0131 sayesinde insanlar\u0131n verimlili\u011fini artt\u0131r\u0131r ve kurumsal imaj\u0131 geli\u015ftirir. Bu standart, g\u00fcvenli\u011fi uluslararas\u0131 kriterleri kar\u015f\u0131layan g\u00fcvenilirlik, g\u00fcven ve inan\u00e7l\u0131 bir organizasyon sa\u011flar; Gizlili\u011fin \u00f6nlenmesi, m\u00fc\u015fterinizin g\u00fcvenini ve inanc\u0131n\u0131 ve pazarlama kabiliyetini ihlal eder. Bunun nedeni, insanlar\u0131n verileri koruyan kurulu\u015flar hakk\u0131nda hevesli olmas\u0131d\u0131r. Bir kurulu\u015f kurdu\u011funuzda, m\u00fc\u015fterilerin bilgilerinin gizlili\u011fini garanti alt\u0131na alman\u0131z gerekir. Bir m\u00fc\u015fteri, kurulu\u015fun ISMS&#8217;i verdi\u011fini \u00f6\u011frenirse, bilgilerin g\u00fcvenli\u011fi konusunda emin olacakt\u0131r. ISMS, bir kurulu\u015fun bilgilerin g\u00fcvenli\u011fine yol a\u00e7acak eylemleri benimsedi\u011fini garanti eder. \u0130\u015f tehlikelerinin y\u00f6netimi m\u00fcmk\u00fcnd\u00fcr ve kurulu\u015fun ihtiya\u00e7lar\u0131na g\u00f6re \u00f6zelle\u015ftirilmi\u015f g\u00fcvenlik kontrollerinin uygulanmas\u0131 sayesinde insanlar\u0131n verimlili\u011fini artt\u0131r\u0131r ve kurumsal imaj\u0131 geli\u015ftirir. Bu standart, g\u00fcvenli\u011fi uluslararas\u0131 kriterleri kar\u015f\u0131layan g\u00fcvenilirlik, g\u00fcven ve inan\u00e7l\u0131 bir organizasyon sa\u011flar; Gizlili\u011fin \u00f6nlenmesi, m\u00fc\u015fterinizin g\u00fcvenini ve inanc\u0131n\u0131 ve pazarlama kabiliyetini ihlal eder. Bunun nedeni, insanlar\u0131n verileri koruyan kurulu\u015flar hakk\u0131nda hevesli olmas\u0131d\u0131r.<\/p>\n","protected":false},"excerpt":{"rendered":"<p>Bir kurulu\u015f kurdu\u011funuzda, m\u00fc\u015fterilerin bilgilerinin gizlili\u011fini garanti etmeniz gerekir. Bir m\u00fc\u015fteri, kurulu\u015fun ISMS&#8217;i verdi\u011fini \u00f6\u011frenirse, bilgilerin g\u00fcvenli\u011fi konusunda emin olacakt\u0131r. ISMS, bir kurulu\u015fun bilgilerin g\u00fcvenli\u011fine yol a\u00e7acak eylemleri benimsedi\u011fini garanti eder. \u0130\u015f tehlikelerinin y\u00f6netimi m\u00fcmk\u00fcnd\u00fcr ve kurulu\u015fun ihtiya\u00e7lar\u0131na g\u00f6re \u00f6zelle\u015ftirilmi\u015f g\u00fcvenlik kontrollerinin uygulanmas\u0131 sayesinde insanlar\u0131n verimlili\u011fini artt\u0131r\u0131r ve kurumsal imaj\u0131 geli\u015ftirir. Bu standart, g\u00fcvenli\u011fi uluslararas\u0131 [&hellip;]<\/p>\n","protected":false},"author":1,"featured_media":0,"parent":0,"menu_order":0,"comment_status":"closed","ping_status":"closed","template":"","meta":[],"_links":{"self":[{"href":"https:\/\/brsmena.com\/tr\/wp-json\/wp\/v2\/pages\/9629"}],"collection":[{"href":"https:\/\/brsmena.com\/tr\/wp-json\/wp\/v2\/pages"}],"about":[{"href":"https:\/\/brsmena.com\/tr\/wp-json\/wp\/v2\/types\/page"}],"author":[{"embeddable":true,"href":"https:\/\/brsmena.com\/tr\/wp-json\/wp\/v2\/users\/1"}],"replies":[{"embeddable":true,"href":"https:\/\/brsmena.com\/tr\/wp-json\/wp\/v2\/comments?post=9629"}],"version-history":[{"count":0,"href":"https:\/\/brsmena.com\/tr\/wp-json\/wp\/v2\/pages\/9629\/revisions"}],"wp:attachment":[{"href":"https:\/\/brsmena.com\/tr\/wp-json\/wp\/v2\/media?parent=9629"}],"curies":[{"name":"wp","href":"https:\/\/api.w.org\/{rel}","templated":true}]}}