{"id":9631,"date":"2017-07-30T17:58:08","date_gmt":"2017-07-30T17:58:08","guid":{"rendered":"http:\/\/brsmena.com\/turkish\/?page_id=9631"},"modified":"2017-08-02T06:27:11","modified_gmt":"2017-08-02T06:27:11","slug":"environment","status":"publish","type":"page","link":"https:\/\/brsmena.com\/tr\/environment","title":{"rendered":"\u00c7evre"},"content":{"rendered":"<p>Denet\u00e7ilerimiz \u00e7evresel etkilerin ve y\u00f6nlerin yan\u0131 s\u0131ra \u00e7evresel \u00f6nemin farkl\u0131 y\u00f6nlerini incelemek konusunda olduk\u00e7a niteliklidir. Yerel \u00e7evre d\u00fczenlemeleri ve gereklilikleri hakk\u0131nda da bilgi sahibidirler. M\u00fc\u015fterilere, \u00e7evre y\u00f6netimi y\u00f6ntem ve teknikleri bilgisi ile uygun denetim bulgular\u0131 ve sonu\u00e7lar\u0131n\u0131 sunar. \u0130nsan faaliyetlerinin ve \u00e7evrenin nas\u0131l birbiriyle ili\u015fkili oldu\u011funu bulma yetene\u011fi kazand\u0131rmak i\u00e7in size uygun ve kapsaml\u0131 bilgiler verirler. Ayr\u0131ca, organizasyonun faaliyetleri, \u00fcr\u00fcnleri, hizmetleri ve operasyonlar\u0131 ile \u00e7evre aras\u0131ndaki etkile\u015fimlere ili\u015fkin bilgi verilecektir. ISO 14001, \u00e7evresel bak\u0131m\u0131, \u00fcr\u00fcnlerin d\u0131\u015fa aktar\u0131m\u0131ndaki art\u0131\u015f\u0131, \u00e7evre bilimi ile ilgili halk\u0131n bilin\u00e7lenmesini, \u015firketin faaliyetinde yerli ve yabanc\u0131 halk\u0131n ilgisini \u00e7ekmeyi, \u00e7evresel etkileri art\u0131rmay\u0131, pazar pay\u0131n\u0131 art\u0131rmay\u0131, g\u00f6revin yerine getirilmesini sa\u011fl\u0131yor. \u00c7evreyi insan olarak korumak ve kaynaklar\u0131 korumak, at\u0131k \u00fcr\u00fcnleri \u00fcretmemek veya enerji israf etmemek maliyetten tasarruf anlam\u0131na geliyor.<\/p>\n","protected":false},"excerpt":{"rendered":"<p>Denet\u00e7ilerimiz \u00e7evresel etkilerin ve y\u00f6nlerin yan\u0131 s\u0131ra \u00e7evresel \u00f6nemin farkl\u0131 y\u00f6nlerini incelemek konusunda olduk\u00e7a niteliklidir. Yerel \u00e7evre d\u00fczenlemeleri ve gereklilikleri hakk\u0131nda da bilgi sahibidirler. M\u00fc\u015fterilere, \u00e7evre y\u00f6netimi y\u00f6ntem ve teknikleri bilgisi ile uygun denetim bulgular\u0131 ve sonu\u00e7lar\u0131n\u0131 sunar. \u0130nsan faaliyetlerinin ve \u00e7evrenin nas\u0131l birbiriyle ili\u015fkili oldu\u011funu bulma yetene\u011fi kazand\u0131rmak i\u00e7in size uygun ve kapsaml\u0131 bilgiler [&hellip;]<\/p>\n","protected":false},"author":1,"featured_media":0,"parent":0,"menu_order":0,"comment_status":"closed","ping_status":"closed","template":"","meta":[],"_links":{"self":[{"href":"https:\/\/brsmena.com\/tr\/wp-json\/wp\/v2\/pages\/9631"}],"collection":[{"href":"https:\/\/brsmena.com\/tr\/wp-json\/wp\/v2\/pages"}],"about":[{"href":"https:\/\/brsmena.com\/tr\/wp-json\/wp\/v2\/types\/page"}],"author":[{"embeddable":true,"href":"https:\/\/brsmena.com\/tr\/wp-json\/wp\/v2\/users\/1"}],"replies":[{"embeddable":true,"href":"https:\/\/brsmena.com\/tr\/wp-json\/wp\/v2\/comments?post=9631"}],"version-history":[{"count":0,"href":"https:\/\/brsmena.com\/tr\/wp-json\/wp\/v2\/pages\/9631\/revisions"}],"wp:attachment":[{"href":"https:\/\/brsmena.com\/tr\/wp-json\/wp\/v2\/media?parent=9631"}],"curies":[{"name":"wp","href":"https:\/\/api.w.org\/{rel}","templated":true}]}}