{"id":9633,"date":"2017-07-30T17:59:14","date_gmt":"2017-07-30T17:59:14","guid":{"rendered":"http:\/\/brsmena.com\/turkish\/?page_id=9633"},"modified":"2017-08-02T10:20:26","modified_gmt":"2017-08-02T10:20:26","slug":"product-certification","status":"publish","type":"page","link":"https:\/\/brsmena.com\/tr\/product-certification","title":{"rendered":"\u00dcr\u00fcn sertifikaland\u0131rma"},"content":{"rendered":"<p>\u00dcr\u00fcn belgelendirme i\u015flemi, g\u00fcvenlik, kalite ve di\u011fer \u00fcr\u00fcn \u00f6zelliklerini ele alan y\u00f6netmeliklere ve standartlara uygunlu\u011funu de\u011ferlendirmek i\u00e7in etkili bir mekanizmad\u0131r ve \u00fcr\u00fcnlerinizin, kullanmak istedi\u011finiz \u00fclkelerin d\u00fczenlemelerine uygun olmas\u0131n\u0131 sa\u011flar.<\/p>\n<p>\u00dcr\u00fcn belgelendirmesini sa\u011flayan sertifika kurulu\u015flar\u0131, \u00fcr\u00fcnlerine uygunluk i\u015fareti vermelerini veya \u00fcr\u00fcn\u00fcn belirtilen gereksinimlere uygunlu\u011funu g\u00f6steren bir sertifika yay\u0131nlamalar\u0131n\u0131 sa\u011flayan \u00fcr\u00fcn sertifikalar\u0131 veya lisanslar\u0131 kurulu\u015flara bildirir.<\/p>\n","protected":false},"excerpt":{"rendered":"<p>\u00dcr\u00fcn belgelendirme i\u015flemi, g\u00fcvenlik, kalite ve di\u011fer \u00fcr\u00fcn \u00f6zelliklerini ele alan y\u00f6netmeliklere ve standartlara uygunlu\u011funu de\u011ferlendirmek i\u00e7in etkili bir mekanizmad\u0131r ve \u00fcr\u00fcnlerinizin, kullanmak istedi\u011finiz \u00fclkelerin d\u00fczenlemelerine uygun olmas\u0131n\u0131 sa\u011flar. \u00dcr\u00fcn belgelendirmesini sa\u011flayan sertifika kurulu\u015flar\u0131, \u00fcr\u00fcnlerine uygunluk i\u015fareti vermelerini veya \u00fcr\u00fcn\u00fcn belirtilen gereksinimlere uygunlu\u011funu g\u00f6steren bir sertifika yay\u0131nlamalar\u0131n\u0131 sa\u011flayan \u00fcr\u00fcn sertifikalar\u0131 veya lisanslar\u0131 kurulu\u015flara bildirir.<\/p>\n","protected":false},"author":1,"featured_media":0,"parent":0,"menu_order":0,"comment_status":"closed","ping_status":"closed","template":"","meta":[],"_links":{"self":[{"href":"https:\/\/brsmena.com\/tr\/wp-json\/wp\/v2\/pages\/9633"}],"collection":[{"href":"https:\/\/brsmena.com\/tr\/wp-json\/wp\/v2\/pages"}],"about":[{"href":"https:\/\/brsmena.com\/tr\/wp-json\/wp\/v2\/types\/page"}],"author":[{"embeddable":true,"href":"https:\/\/brsmena.com\/tr\/wp-json\/wp\/v2\/users\/1"}],"replies":[{"embeddable":true,"href":"https:\/\/brsmena.com\/tr\/wp-json\/wp\/v2\/comments?post=9633"}],"version-history":[{"count":0,"href":"https:\/\/brsmena.com\/tr\/wp-json\/wp\/v2\/pages\/9633\/revisions"}],"wp:attachment":[{"href":"https:\/\/brsmena.com\/tr\/wp-json\/wp\/v2\/media?parent=9633"}],"curies":[{"name":"wp","href":"https:\/\/api.w.org\/{rel}","templated":true}]}}