{"id":9642,"date":"2017-07-30T19:05:30","date_gmt":"2017-07-30T19:05:30","guid":{"rendered":"http:\/\/brsmena.com\/turkish\/?page_id=9642"},"modified":"2017-07-31T11:46:28","modified_gmt":"2017-07-31T11:46:28","slug":"5s","status":"publish","type":"page","link":"https:\/\/brsmena.com\/tr\/5s","title":{"rendered":"5S"},"content":{"rendered":"<p>5s h\u00fck\u00fcmete e\u011fitim ve sa\u011fl\u0131k bak\u0131m\u0131 ile ilgili geni\u015f bir end\u00fcstri alan\u0131nda uygulan\u0131r. Bu, i\u015fyeri d\u00fczenleme y\u00f6ntemi ile ilgilidir. Terim, hepsi S. harfi ile ba\u015flayan 5 Japonca kelimeye at\u0131fta bulunmaktad\u0131r. Bu kelimelerin T\u00fcrk\u00e7e \u00e7evirileri \u015fu \u015fekildedir:<\/p>\n<p>&#8221; s\u0131ralama, sistematik d\u00fczenlemeler, parlakl\u0131k, standartla\u015ft\u0131rmak ve s\u00fcrd\u00fcrmek&#8221;.<\/p>\n<p>Bu kelimeler, maddeleri, e\u015fyalar\u0131n ve alan\u0131n muhafaza edildi\u011fi ve sipari\u015fin s\u00fcrd\u00fcr\u00fclebilirli\u011fini s\u0131ralayarak verimlilik ve etkililik i\u00e7in bir i\u015fyerinin nas\u0131l organize edilebilece\u011fini a\u00e7\u0131klamaktad\u0131r. \u0130\u015fverenler, bir diyalog ile \u00e7al\u0131\u015fmalar\u0131 nas\u0131l yapacaklar\u0131 hakk\u0131ndaki standardizasyondan bilgilendirileceklerdir.<\/p>\n<p>Buna g\u00f6re, gereksiz maddeler at\u0131lmal\u0131, e\u015fyalar\u0131n birikmesi \u00f6nlenmeli ve profesyonel denet\u00e7iler d\u00fczenli olarak etkili bir \u015fekilde denetlemeli ve maliyet veya di\u011fer fakt\u00f6rler a\u00e7\u0131s\u0131ndan gerekli de\u011ferlendirme yap\u0131lmal\u0131d\u0131r.<\/p>\n<p>Sistematik d\u00fczenlemeler terimi, gerekli maddelerin herhangi bir kay\u0131p ve vakit kayb\u0131n\u0131 \u00f6nlemeyecek\\ kolay toplama maddelerine yol a\u00e7acak \u015fekilde gerekli maddeleri d\u00fczenlemeye de\u011finmektedir. Anla\u015f\u0131laca\u011f\u0131 \u00fczere, parlakl\u0131k kelimesi i\u015fyerinin temizli\u011fiyle ilgilidir. Standartla\u015ft\u0131rma, temizlik ve i\u015fyeri bak\u0131m\u0131n\u0131, \u00f6\u011felerin s\u0131ras\u0131n\u0131 ve her i\u015flem i\u00e7in bir standard\u0131n varl\u0131\u011f\u0131n\u0131 ifade eder.<\/p>\n<p>Son olarak, &#8220;s\u00fcrd\u00fcrme&#8221; kelimesi d\u00fczenli denetimlerin, d\u00fczenli e\u011fitimin ve disiplinlerin y\u00fcr\u00fct\u00fclmesi ve benzerleri.<\/p>\n","protected":false},"excerpt":{"rendered":"<p>5s h\u00fck\u00fcmete e\u011fitim ve sa\u011fl\u0131k bak\u0131m\u0131 ile ilgili geni\u015f bir end\u00fcstri alan\u0131nda uygulan\u0131r. Bu, i\u015fyeri d\u00fczenleme y\u00f6ntemi ile ilgilidir. Terim, hepsi S. harfi ile ba\u015flayan 5 Japonca kelimeye at\u0131fta bulunmaktad\u0131r. Bu kelimelerin T\u00fcrk\u00e7e \u00e7evirileri \u015fu \u015fekildedir: &#8221; s\u0131ralama, sistematik d\u00fczenlemeler, parlakl\u0131k, standartla\u015ft\u0131rmak ve s\u00fcrd\u00fcrmek&#8221;. Bu kelimeler, maddeleri, e\u015fyalar\u0131n ve alan\u0131n muhafaza edildi\u011fi ve sipari\u015fin s\u00fcrd\u00fcr\u00fclebilirli\u011fini [&hellip;]<\/p>\n","protected":false},"author":1,"featured_media":0,"parent":0,"menu_order":0,"comment_status":"closed","ping_status":"closed","template":"","meta":[],"_links":{"self":[{"href":"https:\/\/brsmena.com\/tr\/wp-json\/wp\/v2\/pages\/9642"}],"collection":[{"href":"https:\/\/brsmena.com\/tr\/wp-json\/wp\/v2\/pages"}],"about":[{"href":"https:\/\/brsmena.com\/tr\/wp-json\/wp\/v2\/types\/page"}],"author":[{"embeddable":true,"href":"https:\/\/brsmena.com\/tr\/wp-json\/wp\/v2\/users\/1"}],"replies":[{"embeddable":true,"href":"https:\/\/brsmena.com\/tr\/wp-json\/wp\/v2\/comments?post=9642"}],"version-history":[{"count":0,"href":"https:\/\/brsmena.com\/tr\/wp-json\/wp\/v2\/pages\/9642\/revisions"}],"wp:attachment":[{"href":"https:\/\/brsmena.com\/tr\/wp-json\/wp\/v2\/media?parent=9642"}],"curies":[{"name":"wp","href":"https:\/\/api.w.org\/{rel}","templated":true}]}}