{"id":9644,"date":"2017-07-30T19:06:03","date_gmt":"2017-07-30T19:06:03","guid":{"rendered":"http:\/\/brsmena.com\/turkish\/?page_id=9644"},"modified":"2017-08-02T06:28:18","modified_gmt":"2017-08-02T06:28:18","slug":"gmp-good-manufacturing-practices","status":"publish","type":"page","link":"https:\/\/brsmena.com\/tr\/gmp-good-manufacturing-practices","title":{"rendered":"GMP: \u0130yi \u00dcretim Uygulamalar\u0131"},"content":{"rendered":"<p>Gmp iyi \u00fcretim uygulamalar\u0131n\u0131n k\u0131saltmas\u0131d\u0131r. Asl\u0131nda, spesifikasyonun belirlenmesi i\u00e7in \u00fcr\u00fcn kalitesinin tekrarlanabilirligini garanti eden bir \u00fcretim sistemine ve kurulu\u015flar\u0131n mevcut d\u00fczenlemelere uygunlu\u011funa at\u0131fta bulunur.<\/p>\n","protected":false},"excerpt":{"rendered":"<p>Gmp iyi \u00fcretim uygulamalar\u0131n\u0131n k\u0131saltmas\u0131d\u0131r. Asl\u0131nda, spesifikasyonun belirlenmesi i\u00e7in \u00fcr\u00fcn kalitesinin tekrarlanabilirligini garanti eden bir \u00fcretim sistemine ve kurulu\u015flar\u0131n mevcut d\u00fczenlemelere uygunlu\u011funa at\u0131fta bulunur.<\/p>\n","protected":false},"author":1,"featured_media":0,"parent":0,"menu_order":0,"comment_status":"closed","ping_status":"closed","template":"","meta":[],"_links":{"self":[{"href":"https:\/\/brsmena.com\/tr\/wp-json\/wp\/v2\/pages\/9644"}],"collection":[{"href":"https:\/\/brsmena.com\/tr\/wp-json\/wp\/v2\/pages"}],"about":[{"href":"https:\/\/brsmena.com\/tr\/wp-json\/wp\/v2\/types\/page"}],"author":[{"embeddable":true,"href":"https:\/\/brsmena.com\/tr\/wp-json\/wp\/v2\/users\/1"}],"replies":[{"embeddable":true,"href":"https:\/\/brsmena.com\/tr\/wp-json\/wp\/v2\/comments?post=9644"}],"version-history":[{"count":0,"href":"https:\/\/brsmena.com\/tr\/wp-json\/wp\/v2\/pages\/9644\/revisions"}],"wp:attachment":[{"href":"https:\/\/brsmena.com\/tr\/wp-json\/wp\/v2\/media?parent=9644"}],"curies":[{"name":"wp","href":"https:\/\/api.w.org\/{rel}","templated":true}]}}