{"id":9646,"date":"2017-07-30T19:06:49","date_gmt":"2017-07-30T19:06:49","guid":{"rendered":"http:\/\/brsmena.com\/turkish\/?page_id=9646"},"modified":"2017-08-02T10:22:17","modified_gmt":"2017-08-02T10:22:17","slug":"ohsas-18001","status":"publish","type":"page","link":"https:\/\/brsmena.com\/tr\/ohsas-18001","title":{"rendered":"Ohsas 18001: \u0130\u015f Sa\u011fl\u0131\u011f\u0131 ve G\u00fcvenli\u011fi"},"content":{"rendered":"<p>OHSAS 18001, i\u015f sa\u011fl\u0131\u011f\u0131 ve g\u00fcvenli\u011fi y\u00f6netim sistemlerinin kurulmas\u0131na yard\u0131mc\u0131 olan kurulu\u015flar i\u00e7in gereklidir. Bir kurulu\u015fa bu ISO verildi\u011finde, sa\u011flam i\u015f sa\u011fl\u0131\u011f\u0131 ve g\u00fcvenli\u011fi sisteminin uyguland\u0131\u011f\u0131n\u0131 g\u00f6sterir.<\/p>\n<p>\u00dcretim gecikmelerinin risklerinin en aza indirilmesi, i\u015fletmenin \u00e7evre g\u00fcvenli\u011finin sa\u011flanmas\u0131 ve bir organizasyonun uygulamal\u0131 bir sa\u011fl\u0131k ve g\u00fcvenlik politikas\u0131 olu\u015fturma s\u00f6zle\u015fmesinin g\u00f6sterilmesi de dahil olmak \u00fczere OHSAS 18001 ile ili\u015fkili baz\u0131 net yararlar\u0131n k\u0131saca ele al\u0131nmas\u0131 \u00f6nemlidir. Ayr\u0131ca, kurulu\u015f itibar\u0131n\u0131n geli\u015ftirilmesine katk\u0131da bulunur; Kamu sorumluluk sigortas\u0131 primleri nedeniyle y\u00fcklenen maliyetlerin azalt\u0131lmas\u0131.<\/p>\n","protected":false},"excerpt":{"rendered":"<p>OHSAS 18001, i\u015f sa\u011fl\u0131\u011f\u0131 ve g\u00fcvenli\u011fi y\u00f6netim sistemlerinin kurulmas\u0131na yard\u0131mc\u0131 olan kurulu\u015flar i\u00e7in gereklidir. Bir kurulu\u015fa bu ISO verildi\u011finde, sa\u011flam i\u015f sa\u011fl\u0131\u011f\u0131 ve g\u00fcvenli\u011fi sisteminin uyguland\u0131\u011f\u0131n\u0131 g\u00f6sterir. \u00dcretim gecikmelerinin risklerinin en aza indirilmesi, i\u015fletmenin \u00e7evre g\u00fcvenli\u011finin sa\u011flanmas\u0131 ve bir organizasyonun uygulamal\u0131 bir sa\u011fl\u0131k ve g\u00fcvenlik politikas\u0131 olu\u015fturma s\u00f6zle\u015fmesinin g\u00f6sterilmesi de dahil olmak \u00fczere OHSAS 18001 [&hellip;]<\/p>\n","protected":false},"author":1,"featured_media":0,"parent":0,"menu_order":0,"comment_status":"closed","ping_status":"closed","template":"","meta":[],"_links":{"self":[{"href":"https:\/\/brsmena.com\/tr\/wp-json\/wp\/v2\/pages\/9646"}],"collection":[{"href":"https:\/\/brsmena.com\/tr\/wp-json\/wp\/v2\/pages"}],"about":[{"href":"https:\/\/brsmena.com\/tr\/wp-json\/wp\/v2\/types\/page"}],"author":[{"embeddable":true,"href":"https:\/\/brsmena.com\/tr\/wp-json\/wp\/v2\/users\/1"}],"replies":[{"embeddable":true,"href":"https:\/\/brsmena.com\/tr\/wp-json\/wp\/v2\/comments?post=9646"}],"version-history":[{"count":0,"href":"https:\/\/brsmena.com\/tr\/wp-json\/wp\/v2\/pages\/9646\/revisions"}],"wp:attachment":[{"href":"https:\/\/brsmena.com\/tr\/wp-json\/wp\/v2\/media?parent=9646"}],"curies":[{"name":"wp","href":"https:\/\/api.w.org\/{rel}","templated":true}]}}