{"id":9648,"date":"2017-07-30T19:07:22","date_gmt":"2017-07-30T19:07:22","guid":{"rendered":"http:\/\/brsmena.com\/turkish\/?page_id=9648"},"modified":"2017-08-02T09:33:27","modified_gmt":"2017-08-02T09:33:27","slug":"iso-10668","status":"publish","type":"page","link":"https:\/\/brsmena.com\/tr\/iso-10668","title":{"rendered":"ISO 10668: Marka de\u011ferlemesi- Parasal marka de\u011ferlemesi i\u00e7in gerekenler"},"content":{"rendered":"<p>Marka de\u011ferleme standard\u0131 daha \u00e7ok bilinen ad\u0131yla ISO 10668, marka de\u011ferlerini \u00f6l\u00e7me y\u00f6ntemleri ve prosed\u00fcrleri i\u00e7in bir gereklilik olarak kabul edilmektedir. Marka de\u011ferlemelerinin iletilmesi, stratejik planlama, finansal raporlama, uzla\u015fma ve \u00f6n inceleme de dahil olmak \u00fczere \u00e7ok \u00e7e\u015fitli ama\u00e7lar i\u00e7indir. De\u011ferleme amac\u0131n\u0131n de\u011ferlendiricilerin yan\u0131 s\u0131ra raporun hitap etti\u011fi ki\u015filer taraf\u0131ndan beyan edilmesi \u015fartt\u0131r.<\/p>\n<p>A\u00e7\u0131k\u00e7as\u0131, de\u011ferlendirme kapsam\u0131 ama\u00e7tan etkilenebilir.<\/p>\n","protected":false},"excerpt":{"rendered":"<p>Marka de\u011ferleme standard\u0131 daha \u00e7ok bilinen ad\u0131yla ISO 10668, marka de\u011ferlerini \u00f6l\u00e7me y\u00f6ntemleri ve prosed\u00fcrleri i\u00e7in bir gereklilik olarak kabul edilmektedir. Marka de\u011ferlemelerinin iletilmesi, stratejik planlama, finansal raporlama, uzla\u015fma ve \u00f6n inceleme de dahil olmak \u00fczere \u00e7ok \u00e7e\u015fitli ama\u00e7lar i\u00e7indir. De\u011ferleme amac\u0131n\u0131n de\u011ferlendiricilerin yan\u0131 s\u0131ra raporun hitap etti\u011fi ki\u015filer taraf\u0131ndan beyan edilmesi \u015fartt\u0131r. A\u00e7\u0131k\u00e7as\u0131, de\u011ferlendirme [&hellip;]<\/p>\n","protected":false},"author":1,"featured_media":0,"parent":0,"menu_order":0,"comment_status":"closed","ping_status":"closed","template":"","meta":[],"_links":{"self":[{"href":"https:\/\/brsmena.com\/tr\/wp-json\/wp\/v2\/pages\/9648"}],"collection":[{"href":"https:\/\/brsmena.com\/tr\/wp-json\/wp\/v2\/pages"}],"about":[{"href":"https:\/\/brsmena.com\/tr\/wp-json\/wp\/v2\/types\/page"}],"author":[{"embeddable":true,"href":"https:\/\/brsmena.com\/tr\/wp-json\/wp\/v2\/users\/1"}],"replies":[{"embeddable":true,"href":"https:\/\/brsmena.com\/tr\/wp-json\/wp\/v2\/comments?post=9648"}],"version-history":[{"count":0,"href":"https:\/\/brsmena.com\/tr\/wp-json\/wp\/v2\/pages\/9648\/revisions"}],"wp:attachment":[{"href":"https:\/\/brsmena.com\/tr\/wp-json\/wp\/v2\/media?parent=9648"}],"curies":[{"name":"wp","href":"https:\/\/api.w.org\/{rel}","templated":true}]}}