{"id":9650,"date":"2017-07-30T19:07:57","date_gmt":"2017-07-30T19:07:57","guid":{"rendered":"http:\/\/brsmena.com\/turkish\/?page_id=9650"},"modified":"2017-08-02T09:34:44","modified_gmt":"2017-08-02T09:34:44","slug":"iso-14001","status":"publish","type":"page","link":"https:\/\/brsmena.com\/tr\/iso-14001","title":{"rendered":"ISO 14001 \u00c7evre y\u00f6netim sistemleri- Kullan\u0131m k\u0131lavuzu ve \u015fartlar"},"content":{"rendered":"<p>Bu ISO, ba\u015flang\u0131\u00e7ta \u00e7evresel etkilerinin azalt\u0131lmas\u0131na neden olan bir \u00e7er\u00e7eveye sahip bir \u015firket sunmaktad\u0131r. Faaliyetlerin \u00e7evre \u00fczerindeki etkilerini de\u011ferlendirir. Asl\u0131nda, bir \u00e7evre y\u00f6netim sistemi i\u00e7in bir dizi kriter olu\u015fturur. Bu kriterlere g\u00f6re, bir \u015firket veya kurulu\u015f etkin bir \u00e7evre y\u00f6netim sistemi olu\u015fturabilir. Bu ISO, faaliyetleri veya sekt\u00f6r\u00fc ne olursa olsun herhangi bir kurulu\u015f taraf\u0131ndan takip edilebilir.<\/p>\n<p>ISO 14001&#8217;in kullan\u0131lmas\u0131, \u015firket y\u00f6netimine ve \u00e7al\u0131\u015fanlara oldu\u011fu kadar \u00e7evreye olan etkisinin \u00f6l\u00e7\u00fclmesi ve geli\u015ftirilmesi i\u00e7in d\u0131\u015f hissedarlara g\u00fcvence sa\u011flamas\u0131 nedeniyle baz\u0131 belirgin art\u0131 puanlara sahip olacakt\u0131r.<\/p>\n<p>Bu ISO&#8217;nun kabul edilmesi ba\u015fka avantajlarla ba\u011flant\u0131l\u0131d\u0131r. ISO 14001 vas\u0131tas\u0131yla kurulu\u015flar yasal ve d\u00fczenleyici gerekliliklerle daha uyumlu hale getirilmesi de dahil olmak \u00fczere bir dizi ekonomik fayda sa\u011flayabilirler. Mevzuata ili\u015fkin ve \u00e7evresel sorumluluk cezalar\u0131 riskini en aza indirmek ve bir kurulu\u015fun verimlilik avantajlar\u0131n\u0131 geli\u015ftirmek, at\u0131klarda bir azalma, kaynak t\u00fcketimi ve i\u015fletme maliyetlerini i\u00e7erebilir. \u0130kincisi, uluslararas\u0131 alanda kabul g\u00f6ren bir standart olarak, d\u00fcnya genelinde birden fazla yerde faaliyet g\u00f6steren i\u015fletmeler, ISO 14001&#8217;e uyumlulu\u011fundan yararlanarak \u00e7oklu kay\u0131t veya sertifikasyon gereksinimini ortadan kald\u0131rabilir. Son on y\u0131lda t\u00fcketiciler \u015firketlerin daha iyi i\u00e7 kontrolleri benimsemelerine ve ISO 14001&#8217;in \u015firketlerin uzun vadeli uygulanabilirli\u011fi i\u00e7in ak\u0131ll\u0131 bir yakla\u015f\u0131m haline getirilmesine y\u00f6nelik bir bask\u0131 yapm\u0131\u015flard\u0131r. Bu, standard\u0131 benimsemeyen \u015firketlere kar\u015f\u0131 rekabet avantaj\u0131 sa\u011flayabilir.<\/p>\n","protected":false},"excerpt":{"rendered":"<p>Bu ISO, ba\u015flang\u0131\u00e7ta \u00e7evresel etkilerinin azalt\u0131lmas\u0131na neden olan bir \u00e7er\u00e7eveye sahip bir \u015firket sunmaktad\u0131r. Faaliyetlerin \u00e7evre \u00fczerindeki etkilerini de\u011ferlendirir. Asl\u0131nda, bir \u00e7evre y\u00f6netim sistemi i\u00e7in bir dizi kriter olu\u015fturur. Bu kriterlere g\u00f6re, bir \u015firket veya kurulu\u015f etkin bir \u00e7evre y\u00f6netim sistemi olu\u015fturabilir. Bu ISO, faaliyetleri veya sekt\u00f6r\u00fc ne olursa olsun herhangi bir kurulu\u015f taraf\u0131ndan takip [&hellip;]<\/p>\n","protected":false},"author":1,"featured_media":0,"parent":0,"menu_order":0,"comment_status":"closed","ping_status":"closed","template":"","meta":[],"_links":{"self":[{"href":"https:\/\/brsmena.com\/tr\/wp-json\/wp\/v2\/pages\/9650"}],"collection":[{"href":"https:\/\/brsmena.com\/tr\/wp-json\/wp\/v2\/pages"}],"about":[{"href":"https:\/\/brsmena.com\/tr\/wp-json\/wp\/v2\/types\/page"}],"author":[{"embeddable":true,"href":"https:\/\/brsmena.com\/tr\/wp-json\/wp\/v2\/users\/1"}],"replies":[{"embeddable":true,"href":"https:\/\/brsmena.com\/tr\/wp-json\/wp\/v2\/comments?post=9650"}],"version-history":[{"count":0,"href":"https:\/\/brsmena.com\/tr\/wp-json\/wp\/v2\/pages\/9650\/revisions"}],"wp:attachment":[{"href":"https:\/\/brsmena.com\/tr\/wp-json\/wp\/v2\/media?parent=9650"}],"curies":[{"name":"wp","href":"https:\/\/api.w.org\/{rel}","templated":true}]}}