{"id":9652,"date":"2017-07-30T19:09:08","date_gmt":"2017-07-30T19:09:08","guid":{"rendered":"http:\/\/brsmena.com\/turkish\/?page_id=9652"},"modified":"2017-08-02T09:32:06","modified_gmt":"2017-08-02T09:32:06","slug":"iso-10015","status":"publish","type":"page","link":"https:\/\/brsmena.com\/tr\/iso-10015","title":{"rendered":"ISO 10015: e\u011fitim i\u00e7in kalite standard\u0131"},"content":{"rendered":"<p>ISO 10015, i\u015fyerinde e\u011fitim s\u00fcre\u00e7lerine odakl\u0131d\u0131r. Yeni 9000: 2015 ISO ailesi standartlar\u0131n\u0131n s\u00fcre\u00e7 odakl\u0131 kavramlar\u0131na dayand\u0131\u011f\u0131 i\u00e7in kolayca anla\u015f\u0131labilir. Esas avantajlara a\u00e7\u0131kl\u0131k getirir:<\/p>\n<ol>\n<li>\u0130\u015f yerinde \u00f6\u011frenme ve e\u011fitim tasar\u0131m\u0131na y\u00f6nelmek, Standart, kurulu\u015flara yat\u0131r\u0131mlar\u0131n\u0131 i\u015fletme hedefleriyle uyumlu hale getirme konusunda \u00f6zel rehberlik sunar;<\/li>\n<li>\u00d6rg\u00fctsel d\u00fczeyde performans a\u00e7\u0131\u011f\u0131 analiz etmek ve ilgili e\u011fitim yat\u0131r\u0131m kararlar\u0131n\u0131 vermek i\u00e7in net bir yol haritas\u0131 sunmak.<\/li>\n<li>E\u011fitim operasyonunu y\u00f6netmek i\u00e7in etkinlik ve etkinli\u011fe ula\u015f\u0131labilmesi i\u00e7in en son teknoloji k\u0131lavuzlar\u0131 haz\u0131rlama<\/li>\n<\/ol>\n","protected":false},"excerpt":{"rendered":"<p>ISO 10015, i\u015fyerinde e\u011fitim s\u00fcre\u00e7lerine odakl\u0131d\u0131r. Yeni 9000: 2015 ISO ailesi standartlar\u0131n\u0131n s\u00fcre\u00e7 odakl\u0131 kavramlar\u0131na dayand\u0131\u011f\u0131 i\u00e7in kolayca anla\u015f\u0131labilir. Esas avantajlara a\u00e7\u0131kl\u0131k getirir: \u0130\u015f yerinde \u00f6\u011frenme ve e\u011fitim tasar\u0131m\u0131na y\u00f6nelmek, Standart, kurulu\u015flara yat\u0131r\u0131mlar\u0131n\u0131 i\u015fletme hedefleriyle uyumlu hale getirme konusunda \u00f6zel rehberlik sunar; \u00d6rg\u00fctsel d\u00fczeyde performans a\u00e7\u0131\u011f\u0131 analiz etmek ve ilgili e\u011fitim yat\u0131r\u0131m kararlar\u0131n\u0131 vermek i\u00e7in [&hellip;]<\/p>\n","protected":false},"author":1,"featured_media":0,"parent":0,"menu_order":0,"comment_status":"closed","ping_status":"closed","template":"","meta":[],"_links":{"self":[{"href":"https:\/\/brsmena.com\/tr\/wp-json\/wp\/v2\/pages\/9652"}],"collection":[{"href":"https:\/\/brsmena.com\/tr\/wp-json\/wp\/v2\/pages"}],"about":[{"href":"https:\/\/brsmena.com\/tr\/wp-json\/wp\/v2\/types\/page"}],"author":[{"embeddable":true,"href":"https:\/\/brsmena.com\/tr\/wp-json\/wp\/v2\/users\/1"}],"replies":[{"embeddable":true,"href":"https:\/\/brsmena.com\/tr\/wp-json\/wp\/v2\/comments?post=9652"}],"version-history":[{"count":0,"href":"https:\/\/brsmena.com\/tr\/wp-json\/wp\/v2\/pages\/9652\/revisions"}],"wp:attachment":[{"href":"https:\/\/brsmena.com\/tr\/wp-json\/wp\/v2\/media?parent=9652"}],"curies":[{"name":"wp","href":"https:\/\/api.w.org\/{rel}","templated":true}]}}