{"id":9654,"date":"2017-07-30T19:10:21","date_gmt":"2017-07-30T19:10:21","guid":{"rendered":"http:\/\/brsmena.com\/turkish\/?page_id=9654"},"modified":"2017-08-02T09:35:47","modified_gmt":"2017-08-02T09:35:47","slug":"iso-299902010","status":"publish","type":"page","link":"https:\/\/brsmena.com\/tr\/iso-299902010","title":{"rendered":"ISO 29990: 2010, okul d\u0131\u015f\u0131 e\u011fitim i\u00e7in \u00f6\u011frenim hizmetleri- Hizmet sa\u011flayanlar i\u00e7in temel \u015fartlar"},"content":{"rendered":"<p>Bu standart okul d\u0131\u015f\u0131 e\u011fitim ve \u00f6\u011fretim i\u00e7in \u00f6\u011frenme hizmetlerinin yan\u0131 s\u0131ra e\u011fitim ve ileri e\u011fitim sa\u011flayanlara ilgilenen ilk uluslararas\u0131 ge\u00e7erli standartt\u0131r. Bu 2 b\u00f6l\u00fcme ayr\u0131lm\u0131\u015ft\u0131r:<\/p>\n<ol>\n<li>Tasarlama, sunma ve izleme dahil olmak \u00fczere \u00f6\u011frenme hizmetleri<\/li>\n<li>\u00d6\u011frenme hizmet sa\u011flay\u0131c\u0131s\u0131nda i\u015f planlamas\u0131, finansal y\u00f6netim, risk y\u00f6netimi ve insan kaynaklar\u0131 y\u00f6netimi. Buna ek olarak, \u00f6\u011frencilerin ve di\u011fer \u00e7ekici taraflar\u0131n, organizasyonun kalite kazanma yetene\u011fine olan g\u00fcvenini olu\u015fturdu\u011fu \u00f6\u011frenme s\u00fcrecini d\u00fc\u015f\u00fcnd\u00fc.<\/li>\n<\/ol>\n<p>Bu standard\u0131n gereklilikleri de \u015feffafl\u0131\u011f\u0131 art\u0131racak ve d\u00fcnya genelinde \u00f6\u011frenme hizmetleri temelinde kar\u015f\u0131la\u015ft\u0131rma yapmaya ba\u015flayacak ve \u015fu anda yayg\u0131n \u00f6\u011frenim alan\u0131nda mevcut olan \u00e7ok \u00e7e\u015fitli ulusal hizmet ve y\u00f6netim standartlar\u0131na uluslararas\u0131 bir oybirli\u011fi ile desteklenen tek bir alternatif sunacakt\u0131r.<\/p>\n","protected":false},"excerpt":{"rendered":"<p>Bu standart okul d\u0131\u015f\u0131 e\u011fitim ve \u00f6\u011fretim i\u00e7in \u00f6\u011frenme hizmetlerinin yan\u0131 s\u0131ra e\u011fitim ve ileri e\u011fitim sa\u011flayanlara ilgilenen ilk uluslararas\u0131 ge\u00e7erli standartt\u0131r. Bu 2 b\u00f6l\u00fcme ayr\u0131lm\u0131\u015ft\u0131r: Tasarlama, sunma ve izleme dahil olmak \u00fczere \u00f6\u011frenme hizmetleri \u00d6\u011frenme hizmet sa\u011flay\u0131c\u0131s\u0131nda i\u015f planlamas\u0131, finansal y\u00f6netim, risk y\u00f6netimi ve insan kaynaklar\u0131 y\u00f6netimi. Buna ek olarak, \u00f6\u011frencilerin ve di\u011fer \u00e7ekici [&hellip;]<\/p>\n","protected":false},"author":1,"featured_media":0,"parent":0,"menu_order":0,"comment_status":"closed","ping_status":"closed","template":"","meta":[],"_links":{"self":[{"href":"https:\/\/brsmena.com\/tr\/wp-json\/wp\/v2\/pages\/9654"}],"collection":[{"href":"https:\/\/brsmena.com\/tr\/wp-json\/wp\/v2\/pages"}],"about":[{"href":"https:\/\/brsmena.com\/tr\/wp-json\/wp\/v2\/types\/page"}],"author":[{"embeddable":true,"href":"https:\/\/brsmena.com\/tr\/wp-json\/wp\/v2\/users\/1"}],"replies":[{"embeddable":true,"href":"https:\/\/brsmena.com\/tr\/wp-json\/wp\/v2\/comments?post=9654"}],"version-history":[{"count":0,"href":"https:\/\/brsmena.com\/tr\/wp-json\/wp\/v2\/pages\/9654\/revisions"}],"wp:attachment":[{"href":"https:\/\/brsmena.com\/tr\/wp-json\/wp\/v2\/media?parent=9654"}],"curies":[{"name":"wp","href":"https:\/\/api.w.org\/{rel}","templated":true}]}}