{"id":9662,"date":"2017-07-30T19:13:12","date_gmt":"2017-07-30T19:13:12","guid":{"rendered":"http:\/\/brsmena.com\/turkish\/?page_id=9662"},"modified":"2017-08-02T09:36:42","modified_gmt":"2017-08-02T09:36:42","slug":"iso-9001","status":"publish","type":"page","link":"https:\/\/brsmena.com\/tr\/iso-9001","title":{"rendered":"ISO 9001 Kalite Y\u00f6netim Sistemi"},"content":{"rendered":"<p>Bir organizasyonun m\u00fc\u015fteriyi kar\u015f\u0131layan \u00fcr\u00fcnleri \u00fcretmede yetene\u011fini g\u00f6steren \u015fartlar\u0131 ve y\u00fcr\u00fcrl\u00fckteki yasal ve mevzuata ili\u015fkin gereklilikleri belirtir. Asl\u0131nda, temel amac\u0131, sistemin s\u00fcrekli olarak geli\u015ftirmesi i\u00e7in s\u00fcre\u00e7ler de dahil olmak \u00fczere sistemin etkili bir \u015fekilde uygulanmas\u0131 yoluyla m\u00fc\u015fteri memnuniyetini art\u0131rman\u0131n yan\u0131 s\u0131ra, m\u00fc\u015fteriye uygunluk ve ge\u00e7erli mevzuat gerekliliklerini g\u00fcvence alt\u0131na almakt\u0131r. Bu ISO, sa\u011flanan \u00fcr\u00fcne, boyuta ve t\u00fcr\u00fcne bak\u0131lmaks\u0131z\u0131n herhangi bir organizasyon taraf\u0131ndan takip edilebilir.<\/p>\n<p>Bu standard\u0131n birtak\u0131m faydalar\u0131 aras\u0131nda artan pazarlanabilirlik, azalt\u0131lm\u0131\u015f operasyonel giderler, daha iyi y\u00f6netim kontrol\u00fc, artan m\u00fc\u015fteri memnuniyeti, geli\u015ftirilmi\u015f i\u00e7 ileti\u015fim, geli\u015ftirilmi\u015f m\u00fc\u015fteri hizmetleri, \u00fcr\u00fcn sorumluluk risklerinin azalt\u0131lmas\u0131, yat\u0131r\u0131mc\u0131lara \u00e7ekici olma. Her avantaj k\u0131saca a\u015fa\u011f\u0131da a\u00e7\u0131klanm\u0131\u015ft\u0131r:<\/p>\n<p>Artan pazarlanabilirlik: Bu standart, \u015firketin m\u00fc\u015fterilerine kaliteyi sa\u011flama konusunda kararl\u0131 oldu\u011funu kan\u0131tlam\u0131\u015ft\u0131r; \u015firket, uzun s\u00fcredir bir m\u00fc\u015fteri ile pazarl\u0131k yap\u0131yor olmas\u0131 veya potansiyel olarak k\u00e2r eden bir m\u00fc\u015fteriyi rakibin azalan operasyon masraflar\u0131ndan uzak tutmaya \u00e7al\u0131\u015f\u0131yor olmas\u0131n\u0131n herhangi bir avantaj\u0131 yoktur: S\u0131k\u0131 kay\u0131t i\u015flemi \u00e7e\u015fitli operasyonel alanlarda s\u0131kl\u0131kla \u00f6nemli eksikliklere neden olur. Bu sorunlar ortaya \u00e7\u0131kt\u0131\u011f\u0131nda, \u015firket s\u00fcre\u00e7lerini iyile\u015ftirmek i\u00e7in uygun ad\u0131mlar atabilir. Daha iyi y\u00f6netim kontrol\u00fc: ISO 9000 kay\u0131t i\u015flemi, bir\u00e7ok i\u015fletme taraf\u0131ndan \u015firketin genel y\u00f6n\u00fcn\u00fc ve s\u00fcre\u00e7lerini anlamak i\u00e7in \u00f6nemli bir fayda sa\u011flad\u0131\u011f\u0131 i\u00e7in bir\u00e7ok belge ve \u00f6z de\u011ferlendirme gerektirir.<\/p>\n<p>M\u00fc\u015fteri memnuniyetinin artmas\u0131: ISO 9000 belgelendirme s\u00fcreci, \u00fcr\u00fcnlerin kalitesinin y\u00fckseltilmesine yol a\u00e7t\u0131\u011f\u0131 i\u00e7in daha y\u00fcksek m\u00fc\u015fteri memnuniyeti seviyesi getiriyor.<\/p>\n<p>\u0130yile\u015ftirilmi\u015f i\u00e7 ileti\u015fim: ISO 9000 sertifikasyon s\u00fcreci, i\u00e7 m\u00fc\u015fterilerin ihtiya\u00e7lar\u0131n\u0131 ve arzular\u0131n\u0131 daha eksiksiz bir \u015fekilde anlamak i\u00e7in \u015firketlerin \u00e7e\u015fitli i\u00e7 alanlar\u0131n\u0131 veya b\u00f6l\u00fcmlerini birbirleriyle etkile\u015fime girmeye te\u015fvik etmektedir.<\/p>\n<p>\u00dcr\u00fcn-sorumluluk risklerinin azalt\u0131lmas\u0131: ISO 9000 sertifikalar\u0131na sahip olmay\u0131 ba\u015faran \u015firketlerin, \u00fcr\u00fcn sorumluluk davalar\u0131 vb. ile u\u011fra\u015fma olas\u0131l\u0131klar\u0131, i\u015flemlerin kalitesi nedeniyle daha d\u00fc\u015f\u00fck olarak g\u00f6r\u00fcl\u00fcyor.<\/p>\n<p>Yat\u0131r\u0131mc\u0131lara \u00e7ekicilik: \u0130\u015fletme dan\u0131\u015fmanlar\u0131 ve k\u00fc\u00e7\u00fck i\u015fletme sahipleri, ISO-9000 sertifikas\u0131n\u0131n, fon sa\u011flamada giri\u015fim sermayesi firmalar\u0131ndan g\u00fc\u00e7l\u00fc bir ara\u00e7 olabilece\u011fini kabul ediyorlar.<\/p>\n","protected":false},"excerpt":{"rendered":"<p>Bir organizasyonun m\u00fc\u015fteriyi kar\u015f\u0131layan \u00fcr\u00fcnleri \u00fcretmede yetene\u011fini g\u00f6steren \u015fartlar\u0131 ve y\u00fcr\u00fcrl\u00fckteki yasal ve mevzuata ili\u015fkin gereklilikleri belirtir. Asl\u0131nda, temel amac\u0131, sistemin s\u00fcrekli olarak geli\u015ftirmesi i\u00e7in s\u00fcre\u00e7ler de dahil olmak \u00fczere sistemin etkili bir \u015fekilde uygulanmas\u0131 yoluyla m\u00fc\u015fteri memnuniyetini art\u0131rman\u0131n yan\u0131 s\u0131ra, m\u00fc\u015fteriye uygunluk ve ge\u00e7erli mevzuat gerekliliklerini g\u00fcvence alt\u0131na almakt\u0131r. Bu ISO, sa\u011flanan \u00fcr\u00fcne, boyuta [&hellip;]<\/p>\n","protected":false},"author":1,"featured_media":0,"parent":0,"menu_order":0,"comment_status":"closed","ping_status":"closed","template":"","meta":[],"_links":{"self":[{"href":"https:\/\/brsmena.com\/tr\/wp-json\/wp\/v2\/pages\/9662"}],"collection":[{"href":"https:\/\/brsmena.com\/tr\/wp-json\/wp\/v2\/pages"}],"about":[{"href":"https:\/\/brsmena.com\/tr\/wp-json\/wp\/v2\/types\/page"}],"author":[{"embeddable":true,"href":"https:\/\/brsmena.com\/tr\/wp-json\/wp\/v2\/users\/1"}],"replies":[{"embeddable":true,"href":"https:\/\/brsmena.com\/tr\/wp-json\/wp\/v2\/comments?post=9662"}],"version-history":[{"count":0,"href":"https:\/\/brsmena.com\/tr\/wp-json\/wp\/v2\/pages\/9662\/revisions"}],"wp:attachment":[{"href":"https:\/\/brsmena.com\/tr\/wp-json\/wp\/v2\/media?parent=9662"}],"curies":[{"name":"wp","href":"https:\/\/api.w.org\/{rel}","templated":true}]}}