{"id":9664,"date":"2017-07-30T19:13:35","date_gmt":"2017-07-30T19:13:35","guid":{"rendered":"http:\/\/brsmena.com\/turkish\/?page_id=9664"},"modified":"2017-08-02T09:35:08","modified_gmt":"2017-08-02T09:35:08","slug":"iso-22000","status":"publish","type":"page","link":"https:\/\/brsmena.com\/tr\/iso-22000","title":{"rendered":"ISO 22000: G\u0131da G\u00fcvenli\u011fi Y\u00f6netim Sistemi"},"content":{"rendered":"<p>G\u0131da zincirinde yer alan herhangi bir kurulu\u015f i\u00e7in ge\u00e7erli olan bir G\u0131da G\u00fcvenli\u011fi Y\u00f6netim Sistemi&#8217;dir. ISO 22000, bir \u015firketin m\u00fc\u015fterilerine g\u0131da g\u00fcvenli\u011fi y\u00f6netim sistemine sahip olduklar\u0131n\u0131 yerinde g\u00f6stermelerini sa\u011flar.<\/p>\n<p>\u00d6nemli bir sonu\u00e7 olarak yarat\u0131lan fayda, ISO 22000&#8217;in d\u00fcnya genelindeki organizasyonlar\u0131n g\u0131da hijyeni i\u00e7in kodeks HACCP (Tehlike Analizi ve Kritik Kontrol Noktas\u0131) sistemini, ilgili \u00fclke veya g\u0131da \u00fcr\u00fcn\u00fcne g\u00f6re de\u011fi\u015fmeyen uyumla\u015ft\u0131r\u0131lm\u0131\u015f bir \u015fekilde uygulamas\u0131n\u0131 kolayla\u015ft\u0131raca\u011f\u0131d\u0131r.<\/p>\n","protected":false},"excerpt":{"rendered":"<p>G\u0131da zincirinde yer alan herhangi bir kurulu\u015f i\u00e7in ge\u00e7erli olan bir G\u0131da G\u00fcvenli\u011fi Y\u00f6netim Sistemi&#8217;dir. ISO 22000, bir \u015firketin m\u00fc\u015fterilerine g\u0131da g\u00fcvenli\u011fi y\u00f6netim sistemine sahip olduklar\u0131n\u0131 yerinde g\u00f6stermelerini sa\u011flar. \u00d6nemli bir sonu\u00e7 olarak yarat\u0131lan fayda, ISO 22000&#8217;in d\u00fcnya genelindeki organizasyonlar\u0131n g\u0131da hijyeni i\u00e7in kodeks HACCP (Tehlike Analizi ve Kritik Kontrol Noktas\u0131) sistemini, ilgili \u00fclke veya [&hellip;]<\/p>\n","protected":false},"author":1,"featured_media":0,"parent":0,"menu_order":0,"comment_status":"closed","ping_status":"closed","template":"","meta":[],"_links":{"self":[{"href":"https:\/\/brsmena.com\/tr\/wp-json\/wp\/v2\/pages\/9664"}],"collection":[{"href":"https:\/\/brsmena.com\/tr\/wp-json\/wp\/v2\/pages"}],"about":[{"href":"https:\/\/brsmena.com\/tr\/wp-json\/wp\/v2\/types\/page"}],"author":[{"embeddable":true,"href":"https:\/\/brsmena.com\/tr\/wp-json\/wp\/v2\/users\/1"}],"replies":[{"embeddable":true,"href":"https:\/\/brsmena.com\/tr\/wp-json\/wp\/v2\/comments?post=9664"}],"version-history":[{"count":0,"href":"https:\/\/brsmena.com\/tr\/wp-json\/wp\/v2\/pages\/9664\/revisions"}],"wp:attachment":[{"href":"https:\/\/brsmena.com\/tr\/wp-json\/wp\/v2\/media?parent=9664"}],"curies":[{"name":"wp","href":"https:\/\/api.w.org\/{rel}","templated":true}]}}