{"id":9668,"date":"2017-07-30T19:15:25","date_gmt":"2017-07-30T19:15:25","guid":{"rendered":"http:\/\/brsmena.com\/turkish\/?page_id=9668"},"modified":"2017-10-02T05:45:32","modified_gmt":"2017-10-02T05:45:32","slug":"hse-health-safety-environment","status":"publish","type":"page","link":"https:\/\/brsmena.com\/tr\/hse-health-safety-environment","title":{"rendered":"HSE, sa\u011fl\u0131k, g\u00fcvenlik ve \u00e7evre"},"content":{"rendered":"<p style=\"line-height: 16.5pt; background: white;\">Bu, sa\u011fl\u0131\u011f\u0131n, emniyetin ve \u00e7evrenin y\u00f6netimini gerektirir. \u0130\u015fyerindeki \u00e7evre korumas\u0131, i\u015f sa\u011fl\u0131\u011f\u0131 ve g\u00fcvenli\u011fi, kaliteli \u00fcr\u00fcnler sunmak kadar \u00f6nemlidir ve ISO 14001 ve OHSAS 18001 standartlar\u0131na uygundur. Belirtilen iki standart s\u0131ras\u0131yla \u00e7evresel y\u00f6netim sistemi ve mesleki, sa\u011fl\u0131k ve g\u00fcvenlik y\u00f6netim sistemi i\u00e7indir. Asl\u0131nda, bu iki standard\u0131n birle\u015fmesi, herhangi bir organizasyonda risksiz ve \u00e7evresel olarak benimsenmi\u015f bir sistem olu\u015fturan HSE y\u00f6netim sistemi olarak yayg\u0131n bir \u015fekilde bilinmektedir.<\/p>\n","protected":false},"excerpt":{"rendered":"<p>Bu, sa\u011fl\u0131\u011f\u0131n, emniyetin ve \u00e7evrenin y\u00f6netimini gerektirir. \u0130\u015fyerindeki \u00e7evre korumas\u0131, i\u015f sa\u011fl\u0131\u011f\u0131 ve g\u00fcvenli\u011fi, kaliteli \u00fcr\u00fcnler sunmak kadar \u00f6nemlidir ve ISO 14001 ve OHSAS 18001 standartlar\u0131na uygundur. Belirtilen iki standart s\u0131ras\u0131yla \u00e7evresel y\u00f6netim sistemi ve mesleki, sa\u011fl\u0131k ve g\u00fcvenlik y\u00f6netim sistemi i\u00e7indir. Asl\u0131nda, bu iki standard\u0131n birle\u015fmesi, herhangi bir organizasyonda risksiz ve \u00e7evresel olarak benimsenmi\u015f [&hellip;]<\/p>\n","protected":false},"author":1,"featured_media":0,"parent":0,"menu_order":0,"comment_status":"closed","ping_status":"closed","template":"","meta":[],"_links":{"self":[{"href":"https:\/\/brsmena.com\/tr\/wp-json\/wp\/v2\/pages\/9668"}],"collection":[{"href":"https:\/\/brsmena.com\/tr\/wp-json\/wp\/v2\/pages"}],"about":[{"href":"https:\/\/brsmena.com\/tr\/wp-json\/wp\/v2\/types\/page"}],"author":[{"embeddable":true,"href":"https:\/\/brsmena.com\/tr\/wp-json\/wp\/v2\/users\/1"}],"replies":[{"embeddable":true,"href":"https:\/\/brsmena.com\/tr\/wp-json\/wp\/v2\/comments?post=9668"}],"version-history":[{"count":2,"href":"https:\/\/brsmena.com\/tr\/wp-json\/wp\/v2\/pages\/9668\/revisions"}],"predecessor-version":[{"id":9830,"href":"https:\/\/brsmena.com\/tr\/wp-json\/wp\/v2\/pages\/9668\/revisions\/9830"}],"wp:attachment":[{"href":"https:\/\/brsmena.com\/tr\/wp-json\/wp\/v2\/media?parent=9668"}],"curies":[{"name":"wp","href":"https:\/\/api.w.org\/{rel}","templated":true}]}}