{"id":9671,"date":"2017-07-30T19:15:51","date_gmt":"2017-07-30T19:15:51","guid":{"rendered":"http:\/\/brsmena.com\/turkish\/?page_id=9671"},"modified":"2017-08-02T09:37:29","modified_gmt":"2017-08-02T09:37:29","slug":"isoiec-270012013","status":"publish","type":"page","link":"https:\/\/brsmena.com\/tr\/isoiec-270012013","title":{"rendered":"ISO \/ IEC 27001: 2013"},"content":{"rendered":"<p>Kurulu\u015fun ba\u011flam\u0131nda bir bilgi g\u00fcvenlik y\u00f6netim sisteminin kurulmas\u0131, uygulanmas\u0131, s\u00fcrd\u00fcr\u00fclmesi ve s\u00fcrekli geli\u015ftirilmesi i\u00e7in \u015fartlar\u0131 belirtir. Ayn\u0131 zamanda, organizasyonun ihtiya\u00e7lar\u0131na \u00f6zel bilgi g\u00fcvenli\u011fi risklerinin de\u011ferlendirilmesi ve uygulanmas\u0131 i\u00e7in gereklilikleri de i\u00e7erir. ISO \/ IEC 27001: 2013&#8217;te belirtilen gereklilikler geneldir ve t\u00fcr, boyut veya do\u011faya bak\u0131lmaks\u0131z\u0131n t\u00fcm organizasyonlara uygulanmas\u0131 ama\u00e7lanm\u0131\u015ft\u0131r.<\/p>\n<p>Bu standard\u0131n sa\u011flad\u0131\u011f\u0131 avantajlar \u015funlard\u0131r: Uyum, Pazarlama k\u00f6sesi, Giderlerin d\u00fc\u015f\u00fcr\u00fclmesi, \u0130\u015fletmenizi d\u00fczene sokma.<\/p>\n","protected":false},"excerpt":{"rendered":"<p>Kurulu\u015fun ba\u011flam\u0131nda bir bilgi g\u00fcvenlik y\u00f6netim sisteminin kurulmas\u0131, uygulanmas\u0131, s\u00fcrd\u00fcr\u00fclmesi ve s\u00fcrekli geli\u015ftirilmesi i\u00e7in \u015fartlar\u0131 belirtir. Ayn\u0131 zamanda, organizasyonun ihtiya\u00e7lar\u0131na \u00f6zel bilgi g\u00fcvenli\u011fi risklerinin de\u011ferlendirilmesi ve uygulanmas\u0131 i\u00e7in gereklilikleri de i\u00e7erir. ISO \/ IEC 27001: 2013&#8217;te belirtilen gereklilikler geneldir ve t\u00fcr, boyut veya do\u011faya bak\u0131lmaks\u0131z\u0131n t\u00fcm organizasyonlara uygulanmas\u0131 ama\u00e7lanm\u0131\u015ft\u0131r. Bu standard\u0131n sa\u011flad\u0131\u011f\u0131 avantajlar \u015funlard\u0131r: Uyum, [&hellip;]<\/p>\n","protected":false},"author":1,"featured_media":0,"parent":0,"menu_order":0,"comment_status":"closed","ping_status":"closed","template":"","meta":[],"_links":{"self":[{"href":"https:\/\/brsmena.com\/tr\/wp-json\/wp\/v2\/pages\/9671"}],"collection":[{"href":"https:\/\/brsmena.com\/tr\/wp-json\/wp\/v2\/pages"}],"about":[{"href":"https:\/\/brsmena.com\/tr\/wp-json\/wp\/v2\/types\/page"}],"author":[{"embeddable":true,"href":"https:\/\/brsmena.com\/tr\/wp-json\/wp\/v2\/users\/1"}],"replies":[{"embeddable":true,"href":"https:\/\/brsmena.com\/tr\/wp-json\/wp\/v2\/comments?post=9671"}],"version-history":[{"count":0,"href":"https:\/\/brsmena.com\/tr\/wp-json\/wp\/v2\/pages\/9671\/revisions"}],"wp:attachment":[{"href":"https:\/\/brsmena.com\/tr\/wp-json\/wp\/v2\/media?parent=9671"}],"curies":[{"name":"wp","href":"https:\/\/api.w.org\/{rel}","templated":true}]}}