{"id":9673,"date":"2017-07-30T19:16:15","date_gmt":"2017-07-30T19:16:15","guid":{"rendered":"http:\/\/brsmena.com\/turkish\/?page_id=9673"},"modified":"2017-08-02T09:36:07","modified_gmt":"2017-08-02T09:36:07","slug":"iso-50001","status":"publish","type":"page","link":"https:\/\/brsmena.com\/tr\/iso-50001","title":{"rendered":"ISO 50001: Enerji y\u00f6netim sistemleri"},"content":{"rendered":"<p>Bu standart, olas\u0131 etkileri ile ilgili olarak enerji risklerinin y\u00f6netimindeki organizasyonlar\u0131n iyile\u015ftirilmesiyle ilgilidir ve kurulu\u015flar\u0131n rekabet g\u00fcc\u00fcn\u00fc g\u00fc\u00e7lendirir ve enerji fiyat\u0131 dalgalanmas\u0131 ve enerjinin kullan\u0131labilirli\u011fi bak\u0131m\u0131ndan zay\u0131fl\u0131\u011f\u0131 azalt\u0131r. Bir enerji politikas\u0131n\u0131n geli\u015fimini destekler ve bir enerji plan\u0131n\u0131n yap\u0131s\u0131na katk\u0131da bulunur ve bunun yan\u0131 s\u0131ra y\u00f6netimin kat\u0131l\u0131m\u0131n\u0131 (taahh\u00fct ve s\u00f6zle\u015fme) kolayla\u015ft\u0131r\u0131r ve enerji hedeflerine olumlu katk\u0131da bulunur.<\/p>\n<p>ISO 50001, ba\u015flang\u0131\u00e7taki enerji taban\u0131ndan enerji performans seviyesinde belirgin bir geli\u015fme ve s\u00fcrekli enerji verimlili\u011fi iyile\u015ftirmesine yol a\u00e7an sistematik bir yakla\u015f\u0131m gibi baz\u0131 avantajlara sahiptir.<\/p>\n","protected":false},"excerpt":{"rendered":"<p>Bu standart, olas\u0131 etkileri ile ilgili olarak enerji risklerinin y\u00f6netimindeki organizasyonlar\u0131n iyile\u015ftirilmesiyle ilgilidir ve kurulu\u015flar\u0131n rekabet g\u00fcc\u00fcn\u00fc g\u00fc\u00e7lendirir ve enerji fiyat\u0131 dalgalanmas\u0131 ve enerjinin kullan\u0131labilirli\u011fi bak\u0131m\u0131ndan zay\u0131fl\u0131\u011f\u0131 azalt\u0131r. Bir enerji politikas\u0131n\u0131n geli\u015fimini destekler ve bir enerji plan\u0131n\u0131n yap\u0131s\u0131na katk\u0131da bulunur ve bunun yan\u0131 s\u0131ra y\u00f6netimin kat\u0131l\u0131m\u0131n\u0131 (taahh\u00fct ve s\u00f6zle\u015fme) kolayla\u015ft\u0131r\u0131r ve enerji hedeflerine olumlu katk\u0131da [&hellip;]<\/p>\n","protected":false},"author":1,"featured_media":0,"parent":0,"menu_order":0,"comment_status":"closed","ping_status":"closed","template":"","meta":[],"_links":{"self":[{"href":"https:\/\/brsmena.com\/tr\/wp-json\/wp\/v2\/pages\/9673"}],"collection":[{"href":"https:\/\/brsmena.com\/tr\/wp-json\/wp\/v2\/pages"}],"about":[{"href":"https:\/\/brsmena.com\/tr\/wp-json\/wp\/v2\/types\/page"}],"author":[{"embeddable":true,"href":"https:\/\/brsmena.com\/tr\/wp-json\/wp\/v2\/users\/1"}],"replies":[{"embeddable":true,"href":"https:\/\/brsmena.com\/tr\/wp-json\/wp\/v2\/comments?post=9673"}],"version-history":[{"count":0,"href":"https:\/\/brsmena.com\/tr\/wp-json\/wp\/v2\/pages\/9673\/revisions"}],"wp:attachment":[{"href":"https:\/\/brsmena.com\/tr\/wp-json\/wp\/v2\/media?parent=9673"}],"curies":[{"name":"wp","href":"https:\/\/api.w.org\/{rel}","templated":true}]}}