{"id":9677,"date":"2017-07-30T19:17:43","date_gmt":"2017-07-30T19:17:43","guid":{"rendered":"http:\/\/brsmena.com\/turkish\/?page_id=9677"},"modified":"2017-08-02T09:37:54","modified_gmt":"2017-08-02T09:37:54","slug":"isots-29001","status":"publish","type":"page","link":"https:\/\/brsmena.com\/tr\/isots-29001","title":{"rendered":"ISO \/ TS 29001: Petrol, petrokimya ve do\u011falgaz end\u00fcstrileri- Sekt\u00f6re \u00f6zel kalite y\u00f6netim sistemleri- \u00dcr\u00fcn ve hizmet tedarik organizasyonlar\u0131 i\u00e7in gereklilikler"},"content":{"rendered":"<p>Petrol, petrokimya ve do\u011fal gaz end\u00fcstrileri i\u00e7in \u00fcr\u00fcn ve hizmet tedarik organizasyonlar\u0131 i\u00e7in kalite y\u00f6netim sistemi ISO \/ TS 29001 ile tan\u0131mlanm\u0131\u015ft\u0131r. Bu ba\u011flamda, belgelendirme &#8220;Petrol, petrokimya ve do\u011falgaz end\u00fcstrileri- Sekt\u00f6re \u00f6zel kalite y\u00f6netim sistemleri- \u00dcr\u00fcn ve hizmet tedarik organizasyonlar\u0131 i\u00e7in gereksinimler&#8221; ba\u015fl\u0131kl\u0131 Uluslararas\u0131 Standardizasyon Organizasyonu (ISO) taraf\u0131ndan yay\u0131nlanan bir teknik \u015fartnameye dayanmaktad\u0131r. Teknik \u015fartname b\u00fct\u00fcn olarak ISO 9001&#8217;i i\u00e7erir. Bu sertifika, arama, \u00fcretim, boru hatlar\u0131 ve nakliye, petrol ve do\u011falgaz\u0131n rafine edilmesi ve bu end\u00fcstrilere teknik ve destek hizmetleri veren kurulu\u015flar\u0131n yan\u0131 s\u0131ra petrol ve gaz end\u00fcstrisi ekipman\u0131 \u00fcreticileri ve sat\u0131n al\u0131c\u0131lar\u0131 ile ilgilenen kurulu\u015flara belirtilmektedir.<\/p>\n","protected":false},"excerpt":{"rendered":"<p>Petrol, petrokimya ve do\u011fal gaz end\u00fcstrileri i\u00e7in \u00fcr\u00fcn ve hizmet tedarik organizasyonlar\u0131 i\u00e7in kalite y\u00f6netim sistemi ISO \/ TS 29001 ile tan\u0131mlanm\u0131\u015ft\u0131r. Bu ba\u011flamda, belgelendirme &#8220;Petrol, petrokimya ve do\u011falgaz end\u00fcstrileri- Sekt\u00f6re \u00f6zel kalite y\u00f6netim sistemleri- \u00dcr\u00fcn ve hizmet tedarik organizasyonlar\u0131 i\u00e7in gereksinimler&#8221; ba\u015fl\u0131kl\u0131 Uluslararas\u0131 Standardizasyon Organizasyonu (ISO) taraf\u0131ndan yay\u0131nlanan bir teknik \u015fartnameye dayanmaktad\u0131r. Teknik \u015fartname [&hellip;]<\/p>\n","protected":false},"author":1,"featured_media":0,"parent":0,"menu_order":0,"comment_status":"closed","ping_status":"closed","template":"","meta":[],"_links":{"self":[{"href":"https:\/\/brsmena.com\/tr\/wp-json\/wp\/v2\/pages\/9677"}],"collection":[{"href":"https:\/\/brsmena.com\/tr\/wp-json\/wp\/v2\/pages"}],"about":[{"href":"https:\/\/brsmena.com\/tr\/wp-json\/wp\/v2\/types\/page"}],"author":[{"embeddable":true,"href":"https:\/\/brsmena.com\/tr\/wp-json\/wp\/v2\/users\/1"}],"replies":[{"embeddable":true,"href":"https:\/\/brsmena.com\/tr\/wp-json\/wp\/v2\/comments?post=9677"}],"version-history":[{"count":0,"href":"https:\/\/brsmena.com\/tr\/wp-json\/wp\/v2\/pages\/9677\/revisions"}],"wp:attachment":[{"href":"https:\/\/brsmena.com\/tr\/wp-json\/wp\/v2\/media?parent=9677"}],"curies":[{"name":"wp","href":"https:\/\/api.w.org\/{rel}","templated":true}]}}